{"id":65,"date":"2021-09-28T12:13:06","date_gmt":"2021-09-28T19:13:06","guid":{"rendered":"https:\/\/twoislandsinfoprivacy.com\/fr\/?page_id=65"},"modified":"2022-06-01T10:10:47","modified_gmt":"2022-06-01T17:10:47","slug":"a-propos-de-jay-fedorak","status":"publish","type":"page","link":"https:\/\/twoislandsinfoprivacy.com\/fr\/a-propos-de-jay-fedorak\/","title":{"rendered":"\u00c0 propos de Jay Fedorak"},"content":{"rendered":"<div id='av_section_1'  class='avia-section av-5uoul-757ddd2fbfd273210bf2f71cafdfde30 main_color avia-section-default avia-no-border-styling  avia-builder-el-0  avia-builder-el-no-sibling  avia-bg-style-scroll container_wrap fullsize'  ><div class='container av-section-cont-open' ><main  role=\"main\" itemprop=\"mainContentOfPage\"  class='template-page content  av-content-full alpha units'><div class='post-entry post-entry-type-page post-entry-65'><div class='entry-content-wrapper clearfix'>\n<div  class='flex_column av-4vonx-b1aa82e37a98645fec00d94f791dde64 av_one_half  avia-builder-el-1  el_before_av_one_half  avia-builder-el-first  first flex_column_div  '     ><style type=\"text\/css\" data-created_by=\"avia_inline_auto\" id=\"style-css-av-ku4jcaax-dfceae5b6043b146b129698314ea674c\">\n.avia-image-container.av-ku4jcaax-dfceae5b6043b146b129698314ea674c img.avia_image{\nbox-shadow:none;\n}\n.avia-image-container.av-ku4jcaax-dfceae5b6043b146b129698314ea674c .av-image-caption-overlay-center{\ncolor:#ffffff;\n}\n<\/style>\n<div  class='avia-image-container av-ku4jcaax-dfceae5b6043b146b129698314ea674c av-styling- avia-align-center  avia-builder-el-2  avia-builder-el-no-sibling '   itemprop=\"image\" itemscope=\"itemscope\" itemtype=\"https:\/\/schema.org\/ImageObject\" ><div class=\"avia-image-container-inner\"><div class=\"avia-image-overlay-wrap\"><img decoding=\"async\" fetchpriority=\"high\" class='wp-image-136 avia-img-lazy-loading-not-136 avia_image ' src=\"https:\/\/twoislandsinfoprivacy.com\/fr\/wp-content\/uploads\/sites\/2\/2021\/09\/jay-fedorak.jpg\" alt='' title=''  height=\"869\" width=\"800\"  itemprop=\"thumbnailUrl\" srcset=\"https:\/\/twoislandsinfoprivacy.com\/fr\/wp-content\/uploads\/sites\/2\/2021\/09\/jay-fedorak.jpg 800w, https:\/\/twoislandsinfoprivacy.com\/fr\/wp-content\/uploads\/sites\/2\/2021\/09\/jay-fedorak-276x300.jpg 276w, https:\/\/twoislandsinfoprivacy.com\/fr\/wp-content\/uploads\/sites\/2\/2021\/09\/jay-fedorak-768x834.jpg 768w\" sizes=\"(max-width: 800px) 100vw, 800px\" \/><\/div><\/div><\/div><\/div><div  class='flex_column av-3znkt-39ca17cb0a925be59a14bb4fe0050113 av_one_half  avia-builder-el-3  el_after_av_one_half  avia-builder-el-last  flex_column_div  '     ><section  class='av_textblock_section av-b1np-b2ac5e5ea5a55d8f1d46a2931f00a41b '   itemscope=\"itemscope\" itemtype=\"https:\/\/schema.org\/CreativeWork\" ><div class='avia_textblock'  itemprop=\"text\" ><p>Le Dr Jay Fedorak est le consultant expert le plus exp\u00e9riment\u00e9 et le plus comp\u00e9tent en mati\u00e8re de mise en \u0153uvre de la l\u00e9gislation sur l&rsquo;acc\u00e8s \u00e0 l&rsquo;information et la protection de la vie priv\u00e9e en Colombie-Britannique, dans d&rsquo;autres provinces, au gouvernement f\u00e9d\u00e9ral et dans d&rsquo;autres pays. Il a \u00e9galement de l&rsquo;exp\u00e9rience dans la r\u00e9glementation du lobbying en Colombie-Britannique et au Canada. Depuis 1993, il a r\u00e9pondu \u00e0 des demandes en vertu du Freedom of Information and Protection of Privacy Act (FIPPA) de la Colombie-Britannique et a mis en \u0153uvre des programmes de gestion de la vie priv\u00e9e. Il a aid\u00e9 le ministre responsable de la FIPPA \u00e0 mettre en \u0153uvre cette loi et \u00e0 fournir des conseils et des formations \u00e0 d&rsquo;autres autorit\u00e9s publiques.<\/p>\n<p>Depuis 2004, il a travaill\u00e9 comme un enqu\u00eateur, un adjudicateur et un Commissaire adjoint du commissariat de l\u2019acc\u00e8s de l\u2019information et la protection de la vie priv\u00e9e pour la Colombie-Britannique. Il \u00e9tait \u00e9galement responsable pour la r\u00e9glementation du mettre en \u0153uvre de la lois Personal Information Protection Act (PIPA).<\/p>\n<p>Parmi ses principales r\u00e9alisations, citons l&rsquo;\u00e9mission d&rsquo;ordonnances qui font jurisprudence, la conduite et la supervision d&rsquo;enqu\u00eates majeures et la mise en place d&rsquo;un programme d&rsquo;audit et de conformit\u00e9.<\/p>\n<p>De 2018 \u00e0 2021, il a \u00e9t\u00e9 le Commissaire aux droits de l\u2019information de Jersey, \u00eeles Anglo-Normandes, ou il a r\u00e8glement\u00e9 des lois sur la protection des donn\u00e9es personnelles qui sont les \u00e9quivalences du R\u00e8glement G\u00e9n\u00e9ral sur la Protection des Donn\u00e9es (RGPD) et une loi sur l\u2019acc\u00e8s de l\u2019information.<\/p>\n<p>De 2001 \u00e0 2018, il a \u00e9t\u00e9 \u00e9galement le registre adjoint du lobbyisme de la Colombie-Britannique, ou il a enforce la loi sur l\u2019enregistrement du lobbyisme. Il a promulgu\u00e9 les premiers amendes et il a \u00e9t\u00e9 le fer de lance d&rsquo;une r\u00e9forme l\u00e9gislative qui a conduit \u00e0 l&rsquo;\u00e9tablissement du Lobbying Transparency Act (LTA).<\/p>\n<\/div><\/section><\/div>\n","protected":false},"excerpt":{"rendered":"","protected":false},"author":1,"featured_media":0,"parent":0,"menu_order":0,"comment_status":"closed","ping_status":"closed","template":"","meta":{"footnotes":""},"class_list":["post-65","page","type-page","status-publish","hentry"],"yoast_head":"<!-- This site is optimized with the Yoast SEO plugin v27.3 - https:\/\/yoast.com\/product\/yoast-seo-wordpress\/ -->\n<title>\u00c0 propos de Jay Fedorak &#8226; Deux \u00celes: Information &amp; Confidentialit\u00e9<\/title>\n<meta name=\"description\" content=\"Le Dr Jay Fedorak est un expert-conseil exp\u00e9riment\u00e9 dans la mise en \u0153uvre des lois sur l&#039;information et la protection de la vie priv\u00e9e.\" \/>\n<meta name=\"robots\" content=\"index, follow, max-snippet:-1, max-image-preview:large, max-video-preview:-1\" \/>\n<link rel=\"canonical\" href=\"https:\/\/twoislandsinfoprivacy.com\/fr\/a-propos-de-jay-fedorak\/\" \/>\n<meta property=\"og:locale\" content=\"fr_CA\" \/>\n<meta property=\"og:type\" content=\"article\" \/>\n<meta property=\"og:title\" content=\"\u00c0 propos de Jay Fedorak &#8226; Deux \u00celes: Information &amp; Confidentialit\u00e9\" \/>\n<meta property=\"og:description\" content=\"Le Dr Jay Fedorak est un expert-conseil exp\u00e9riment\u00e9 dans la mise en \u0153uvre des lois sur l&#039;information et la protection de la vie priv\u00e9e.\" \/>\n<meta property=\"og:url\" content=\"https:\/\/twoislandsinfoprivacy.com\/fr\/a-propos-de-jay-fedorak\/\" \/>\n<meta property=\"og:site_name\" content=\"Deux \u00celes: Information &amp; Confidentialit\u00e9\" \/>\n<meta property=\"article:modified_time\" content=\"2022-06-01T17:10:47+00:00\" \/>\n<meta name=\"twitter:card\" content=\"summary_large_image\" \/>\n<meta name=\"twitter:label1\" content=\"Estimation du temps de lecture\" \/>\n\t<meta name=\"twitter:data1\" content=\"6 minutes\" \/>\n<script type=\"application\/ld+json\" class=\"yoast-schema-graph\">{\"@context\":\"https:\\\/\\\/schema.org\",\"@graph\":[{\"@type\":\"WebPage\",\"@id\":\"https:\\\/\\\/twoislandsinfoprivacy.com\\\/fr\\\/a-propos-de-jay-fedorak\\\/\",\"url\":\"https:\\\/\\\/twoislandsinfoprivacy.com\\\/fr\\\/a-propos-de-jay-fedorak\\\/\",\"name\":\"\u00c0 propos de Jay Fedorak &#8226; Deux \u00celes: Information &amp; Confidentialit\u00e9\",\"isPartOf\":{\"@id\":\"https:\\\/\\\/twoislandsinfoprivacy.com\\\/fr\\\/#website\"},\"datePublished\":\"2021-09-28T19:13:06+00:00\",\"dateModified\":\"2022-06-01T17:10:47+00:00\",\"description\":\"Le Dr Jay Fedorak est un expert-conseil exp\u00e9riment\u00e9 dans la mise en \u0153uvre des lois sur l'information et la protection de la vie priv\u00e9e.\",\"breadcrumb\":{\"@id\":\"https:\\\/\\\/twoislandsinfoprivacy.com\\\/fr\\\/a-propos-de-jay-fedorak\\\/#breadcrumb\"},\"inLanguage\":\"fr-CA\",\"potentialAction\":[{\"@type\":\"ReadAction\",\"target\":[\"https:\\\/\\\/twoislandsinfoprivacy.com\\\/fr\\\/a-propos-de-jay-fedorak\\\/\"]}]},{\"@type\":\"BreadcrumbList\",\"@id\":\"https:\\\/\\\/twoislandsinfoprivacy.com\\\/fr\\\/a-propos-de-jay-fedorak\\\/#breadcrumb\",\"itemListElement\":[{\"@type\":\"ListItem\",\"position\":1,\"name\":\"Home\",\"item\":\"https:\\\/\\\/twoislandsinfoprivacy.com\\\/fr\\\/\"},{\"@type\":\"ListItem\",\"position\":2,\"name\":\"\u00c0 propos de Jay Fedorak\"}]},{\"@type\":\"WebSite\",\"@id\":\"https:\\\/\\\/twoislandsinfoprivacy.com\\\/fr\\\/#website\",\"url\":\"https:\\\/\\\/twoislandsinfoprivacy.com\\\/fr\\\/\",\"name\":\"Deux \u00celes: Information &amp; Confidentialit\u00e9\",\"description\":\"\",\"publisher\":{\"@id\":\"https:\\\/\\\/twoislandsinfoprivacy.com\\\/fr\\\/#organization\"},\"potentialAction\":[{\"@type\":\"SearchAction\",\"target\":{\"@type\":\"EntryPoint\",\"urlTemplate\":\"https:\\\/\\\/twoislandsinfoprivacy.com\\\/fr\\\/?s={search_term_string}\"},\"query-input\":{\"@type\":\"PropertyValueSpecification\",\"valueRequired\":true,\"valueName\":\"search_term_string\"}}],\"inLanguage\":\"fr-CA\"},{\"@type\":\"Organization\",\"@id\":\"https:\\\/\\\/twoislandsinfoprivacy.com\\\/fr\\\/#organization\",\"name\":\"Deux \u00celes: Information & Confidentialit\u00e9\",\"url\":\"https:\\\/\\\/twoislandsinfoprivacy.com\\\/fr\\\/\",\"logo\":{\"@type\":\"ImageObject\",\"inLanguage\":\"fr-CA\",\"@id\":\"https:\\\/\\\/twoislandsinfoprivacy.com\\\/fr\\\/#\\\/schema\\\/logo\\\/image\\\/\",\"url\":\"https:\\\/\\\/twoislandsinfoprivacy.com\\\/fr\\\/wp-content\\\/uploads\\\/sites\\\/2\\\/2021\\\/09\\\/Two-Islands-logo-rgb-full-colour.png\",\"contentUrl\":\"https:\\\/\\\/twoislandsinfoprivacy.com\\\/fr\\\/wp-content\\\/uploads\\\/sites\\\/2\\\/2021\\\/09\\\/Two-Islands-logo-rgb-full-colour.png\",\"width\":439,\"height\":73,\"caption\":\"Deux \u00celes: Information & Confidentialit\u00e9\"},\"image\":{\"@id\":\"https:\\\/\\\/twoislandsinfoprivacy.com\\\/fr\\\/#\\\/schema\\\/logo\\\/image\\\/\"}}]}<\/script>\n<!-- \/ Yoast SEO plugin. -->","yoast_head_json":{"title":"\u00c0 propos de Jay Fedorak &#8226; Deux \u00celes: Information &amp; Confidentialit\u00e9","description":"Le Dr Jay Fedorak est un expert-conseil exp\u00e9riment\u00e9 dans la mise en \u0153uvre des lois sur l'information et la protection de la vie priv\u00e9e.","robots":{"index":"index","follow":"follow","max-snippet":"max-snippet:-1","max-image-preview":"max-image-preview:large","max-video-preview":"max-video-preview:-1"},"canonical":"https:\/\/twoislandsinfoprivacy.com\/fr\/a-propos-de-jay-fedorak\/","og_locale":"fr_CA","og_type":"article","og_title":"\u00c0 propos de Jay Fedorak &#8226; Deux \u00celes: Information &amp; Confidentialit\u00e9","og_description":"Le Dr Jay Fedorak est un expert-conseil exp\u00e9riment\u00e9 dans la mise en \u0153uvre des lois sur l'information et la protection de la vie priv\u00e9e.","og_url":"https:\/\/twoislandsinfoprivacy.com\/fr\/a-propos-de-jay-fedorak\/","og_site_name":"Deux \u00celes: Information &amp; Confidentialit\u00e9","article_modified_time":"2022-06-01T17:10:47+00:00","twitter_card":"summary_large_image","twitter_misc":{"Estimation du temps de lecture":"6 minutes"},"schema":{"@context":"https:\/\/schema.org","@graph":[{"@type":"WebPage","@id":"https:\/\/twoislandsinfoprivacy.com\/fr\/a-propos-de-jay-fedorak\/","url":"https:\/\/twoislandsinfoprivacy.com\/fr\/a-propos-de-jay-fedorak\/","name":"\u00c0 propos de Jay Fedorak &#8226; Deux \u00celes: Information &amp; Confidentialit\u00e9","isPartOf":{"@id":"https:\/\/twoislandsinfoprivacy.com\/fr\/#website"},"datePublished":"2021-09-28T19:13:06+00:00","dateModified":"2022-06-01T17:10:47+00:00","description":"Le Dr Jay Fedorak est un expert-conseil exp\u00e9riment\u00e9 dans la mise en \u0153uvre des lois sur l'information et la protection de la vie priv\u00e9e.","breadcrumb":{"@id":"https:\/\/twoislandsinfoprivacy.com\/fr\/a-propos-de-jay-fedorak\/#breadcrumb"},"inLanguage":"fr-CA","potentialAction":[{"@type":"ReadAction","target":["https:\/\/twoislandsinfoprivacy.com\/fr\/a-propos-de-jay-fedorak\/"]}]},{"@type":"BreadcrumbList","@id":"https:\/\/twoislandsinfoprivacy.com\/fr\/a-propos-de-jay-fedorak\/#breadcrumb","itemListElement":[{"@type":"ListItem","position":1,"name":"Home","item":"https:\/\/twoislandsinfoprivacy.com\/fr\/"},{"@type":"ListItem","position":2,"name":"\u00c0 propos de Jay Fedorak"}]},{"@type":"WebSite","@id":"https:\/\/twoislandsinfoprivacy.com\/fr\/#website","url":"https:\/\/twoislandsinfoprivacy.com\/fr\/","name":"Deux \u00celes: Information &amp; Confidentialit\u00e9","description":"","publisher":{"@id":"https:\/\/twoislandsinfoprivacy.com\/fr\/#organization"},"potentialAction":[{"@type":"SearchAction","target":{"@type":"EntryPoint","urlTemplate":"https:\/\/twoislandsinfoprivacy.com\/fr\/?s={search_term_string}"},"query-input":{"@type":"PropertyValueSpecification","valueRequired":true,"valueName":"search_term_string"}}],"inLanguage":"fr-CA"},{"@type":"Organization","@id":"https:\/\/twoislandsinfoprivacy.com\/fr\/#organization","name":"Deux \u00celes: Information & Confidentialit\u00e9","url":"https:\/\/twoislandsinfoprivacy.com\/fr\/","logo":{"@type":"ImageObject","inLanguage":"fr-CA","@id":"https:\/\/twoislandsinfoprivacy.com\/fr\/#\/schema\/logo\/image\/","url":"https:\/\/twoislandsinfoprivacy.com\/fr\/wp-content\/uploads\/sites\/2\/2021\/09\/Two-Islands-logo-rgb-full-colour.png","contentUrl":"https:\/\/twoislandsinfoprivacy.com\/fr\/wp-content\/uploads\/sites\/2\/2021\/09\/Two-Islands-logo-rgb-full-colour.png","width":439,"height":73,"caption":"Deux \u00celes: Information & Confidentialit\u00e9"},"image":{"@id":"https:\/\/twoislandsinfoprivacy.com\/fr\/#\/schema\/logo\/image\/"}}]}},"_links":{"self":[{"href":"https:\/\/twoislandsinfoprivacy.com\/fr\/wp-json\/wp\/v2\/pages\/65","targetHints":{"allow":["GET"]}}],"collection":[{"href":"https:\/\/twoislandsinfoprivacy.com\/fr\/wp-json\/wp\/v2\/pages"}],"about":[{"href":"https:\/\/twoislandsinfoprivacy.com\/fr\/wp-json\/wp\/v2\/types\/page"}],"author":[{"embeddable":true,"href":"https:\/\/twoislandsinfoprivacy.com\/fr\/wp-json\/wp\/v2\/users\/1"}],"replies":[{"embeddable":true,"href":"https:\/\/twoislandsinfoprivacy.com\/fr\/wp-json\/wp\/v2\/comments?post=65"}],"version-history":[{"count":16,"href":"https:\/\/twoislandsinfoprivacy.com\/fr\/wp-json\/wp\/v2\/pages\/65\/revisions"}],"predecessor-version":[{"id":860,"href":"https:\/\/twoislandsinfoprivacy.com\/fr\/wp-json\/wp\/v2\/pages\/65\/revisions\/860"}],"wp:attachment":[{"href":"https:\/\/twoislandsinfoprivacy.com\/fr\/wp-json\/wp\/v2\/media?parent=65"}],"curies":[{"name":"wp","href":"https:\/\/api.w.org\/{rel}","templated":true}]}}