{"id":387,"date":"2021-10-14T15:23:59","date_gmt":"2021-10-14T22:23:59","guid":{"rendered":"https:\/\/twoislandsinfoprivacy.com\/fr\/?page_id=387"},"modified":"2022-06-01T10:08:20","modified_gmt":"2022-06-01T17:08:20","slug":"services-for-individuals","status":"publish","type":"page","link":"https:\/\/twoislandsinfoprivacy.com\/fr\/services-for-individuals\/","title":{"rendered":"Services de protection de la vie priv\u00e9e pour les individus"},"content":{"rendered":"<div id='av_section_1'  class='avia-section av-28yupn-c309c502776ddc4e2b052084c9d0293d main_color avia-section-default avia-no-border-styling  avia-builder-el-0  el_before_av_section  avia-builder-el-first  avia-bg-style-scroll container_wrap fullsize'  ><div class='container av-section-cont-open' ><main  role=\"main\" itemprop=\"mainContentOfPage\"  class='template-page content  av-content-full alpha units'><div class='post-entry post-entry-type-page post-entry-387'><div class='entry-content-wrapper clearfix'>\n<div  class='flex_column av-232pd7-2de6e8d919aeb0550d1d106b99005d05 av_one_half  avia-builder-el-1  el_before_av_one_half  avia-builder-el-first  first flex_column_div  '     ><section  class='av_textblock_section av-p4mb-23f6ff5a26396159d6226a3d7794a2ad '   itemscope=\"itemscope\" itemtype=\"https:\/\/schema.org\/CreativeWork\" ><div class='avia_textblock'  itemprop=\"text\" ><h2>Les donn\u00e9es personnelles sont un bien pr\u00e9cieux. Les criminels veulent les voler. Veillez \u00e0 ce qu&rsquo;elles restent en s\u00e9curit\u00e9.<\/h2>\n<p>Jay a une connaissance approfondie du droit de la protection de la vie priv\u00e9e en Colombie-Britannique, au Canada et dans le monde entier. Il sait \u00e9galement comment les autorit\u00e9s de contr\u00f4le abordent les enqu\u00eates, ce qu&rsquo;ils recherchent et comment ils \u00e9valuent les cas individuels.<\/p>\n<\/div><\/section><\/div><div  class='flex_column av-1smf2j-e65a5e6dc0ae213943b4d4a390114331 av_one_half  avia-builder-el-3  el_after_av_one_half  avia-builder-el-last  flex_column_div  '     ><section  class='av_textblock_section av-1m30j7-1b89aa6b68d93dda12dddf55d573cb7f '   itemscope=\"itemscope\" itemtype=\"https:\/\/schema.org\/CreativeWork\" ><div class='avia_textblock'  itemprop=\"text\" ><p>Depuis 2004, il a travaill\u00e9 comme enqu\u00eateur, arbitre et commissaire adjoint pour le Commissariat \u00e0 l&rsquo;acc\u00e8s \u00e0 l&rsquo;information de la Colombie-Britannique, o\u00f9 il \u00e9tait \u00e9galement charg\u00e9 de r\u00e9glementer la mise en \u0153uvre de la loi sur la protection des renseignements personnels (PIPA).<\/p>\n<p><a href=\"https:\/\/twoislandsinfoprivacy.com\/fr\/a-propos-de-jay-fedorak\/\">\u00c0 propos de Jay &gt;<\/a><\/p>\n<\/div><\/section><\/div>\n\n<\/div><\/div><\/main><!-- close content main element --><\/div><\/div><div id='av_section_2'  class='avia-section av-1e5lub-6b3c64479e5c518813de179734af3369 alternate_color avia-section-default avia-no-border-styling  avia-builder-el-5  el_after_av_section  el_before_av_section  avia-bg-style-scroll container_wrap fullsize'  ><div class='container av-section-cont-open' ><div class='template-page content  av-content-full alpha units'><div class='post-entry post-entry-type-page post-entry-387'><div class='entry-content-wrapper clearfix'>\n<div class='flex_column_table av-1aasxf-3c664e053b23b9da88c9cc054ba505ed sc-av_one_half av-equal-height-column-flextable'><div  class='flex_column av-1aasxf-3c664e053b23b9da88c9cc054ba505ed av_one_half  avia-builder-el-6  el_before_av_one_half  avia-builder-el-first  first flex_column_table_cell av-equal-height-column av-align-top  '     ><section  class='av_textblock_section av-kurie3a4-6d0fa5db2af8cc7f3442e61fb3279cdf '   itemscope=\"itemscope\" itemtype=\"https:\/\/schema.org\/CreativeWork\" ><div class='avia_textblock'  itemprop=\"text\" ><h2>S&rsquo;assurer que les entreprises et les autorit\u00e9s publics conservent vos donn\u00e9es personnelles en toute s\u00e9curit\u00e9<\/h2>\n<p>Jay sait comment formuler une plainte relative \u00e0 la protection de la vie priv\u00e9e qui aidera l&rsquo;autorit\u00e9 de contr\u00f4le \u00e0 mener une enqu\u00eate appropri\u00e9e et \u00e0 obtenir le meilleur r\u00e9sultat.<br \/>\nVeiller \u00e0 ce que vous puissiez prot\u00e9ger pleinement votre vie priv\u00e9e et obtenir une r\u00e9paration appropri\u00e9e en cas d&rsquo;atteinte \u00e0 votre vie priv\u00e9e.<\/p>\n<ul>\n<li>Vous conseiller ou vous repr\u00e9senter dans le cadre de plaintes formelles concernant :\n<ul>\n<li>Violations de votre vie priv\u00e9e<\/li>\n<li>Acc\u00e8s \u00e0 vos rensiegnments personnelles<\/li>\n<li>Correction ou suppression de vos renseignments personnelles<\/li>\n<\/ul>\n<\/li>\n<li>R\u00e9diger des soumissions pour les enqu\u00eates devant le Commissaire \u00e0 l&rsquo;information et \u00e0 la protection de la vie priv\u00e9e qui vous donnent les meilleures chances de succ\u00e8s.<\/li>\n<li>Vous conseiller sur la mani\u00e8re de prot\u00e9ger vos donn\u00e9es personnelles.<\/li>\n<\/ul>\n<\/div><\/section><br \/>\n<div  class='avia-button-wrap av-11o4ij-d896e4da1484afa931012f87c26b1b77-wrap avia-button-left  avia-builder-el-8  el_after_av_textblock  avia-builder-el-last '><a href='https:\/\/twoislandsinfoprivacy.com\/fr\/contactez\/'  class='avia-button av-11o4ij-d896e4da1484afa931012f87c26b1b77 av-link-btn avia-icon_select-no avia-size-small avia-position-left avia-color-theme-color'   aria-label=\"Commencez\"><span class='avia_iconbox_title' >Commencez<\/span><\/a><\/div><\/p><\/div><div class='av-flex-placeholder'><\/div>\n<style type=\"text\/css\" data-created_by=\"avia_inline_auto\" id=\"style-css-av-x3htf-f47bee9509e0b4bd910abb2bdfe86aeb\">\n.flex_column.av-x3htf-f47bee9509e0b4bd910abb2bdfe86aeb{\nbackground:url(https:\/\/twoislandsinfoprivacy.com\/fr\/wp-content\/uploads\/sites\/2\/2021\/09\/young-employees-sitting-office-table-using-laptop-team-work-brainstorming-meeting-concept.jpg) 0% 0% no-repeat scroll ;\n}\n<\/style>\n<div  class='flex_column av-x3htf-f47bee9509e0b4bd910abb2bdfe86aeb av_one_half  avia-builder-el-9  el_after_av_one_half  avia-builder-el-last  flex_column_table_cell av-equal-height-column av-align-top avia-full-stretch  '     ><\/div><\/div><!--close column table wrapper. Autoclose: 1 --><\/div><\/div><\/div><!-- close content main div --><\/div><\/div><div id='av_section_3'  class='avia-section av-qypij-cfc565800a58ef7f79cad44516e39bdb main_color avia-section-default avia-no-border-styling  avia-builder-el-10  el_after_av_section  avia-builder-el-last  avia-bg-style-scroll container_wrap fullsize'  ><div class='container av-section-cont-open' ><div class='template-page content  av-content-full alpha units'><div class='post-entry post-entry-type-page post-entry-387'><div class='entry-content-wrapper clearfix'>\n<div class='flex_column_table av-kqbkz-83a021c056e65ae4441327609965148e sc-av_one_half av-equal-height-column-flextable'>\n<style type=\"text\/css\" data-created_by=\"avia_inline_auto\" id=\"style-css-av-kqbkz-83a021c056e65ae4441327609965148e\">\n.flex_column.av-kqbkz-83a021c056e65ae4441327609965148e{\nbackground:url(https:\/\/twoislandsinfoprivacy.com\/fr\/wp-content\/uploads\/sites\/2\/2021\/09\/young-employees-sitting-office-table-using-laptop-team-work-brainstorming-meeting-concept.jpg) 100% 0% no-repeat scroll ;\n}\n<\/style>\n<div  class='flex_column av-kqbkz-83a021c056e65ae4441327609965148e av_one_half  avia-builder-el-11  el_before_av_one_half  avia-builder-el-first  first flex_column_table_cell av-equal-height-column av-align-top avia-full-stretch  '     ><\/div><div class='av-flex-placeholder'><\/div><div  class='flex_column av-foy9f-bd8c00be14c352af66424dad71b2290c av_one_half  avia-builder-el-12  el_after_av_one_half  avia-builder-el-last  flex_column_table_cell av-equal-height-column av-align-top  '     ><section  class='av_textblock_section av-kuric2ra-fed27fdb6c4a66d39cbc5dc1fc08a838 '   itemscope=\"itemscope\" itemtype=\"https:\/\/schema.org\/CreativeWork\" ><div class='avia_textblock'  itemprop=\"text\" ><h2>Faire en sorte que les autorit\u00e9s publics rendent des comptes par le biais de demandes \u00e0 l&rsquo;acc\u00e8s d&rsquo;information efficaces.<\/h2>\n<p>Jay sait ce que les demandeurs doivent faire pour s&rsquo;assurer qu&rsquo;ils re\u00e7oivent le maximum d&rsquo;informations qu&rsquo;ils recherchent.<\/p>\n<p style=\"text-align: left;\">Veiller \u00e0 ce que vous obteniez les informations dont vous avez besoin le plus rapidement possible.<\/p>\n<ul>\n<li>Des conseils sur qui demander et comment demander pour obtenir les informations dont vous avez besoin.<\/li>\n<li>Vous repr\u00e9senter dans le cadre d&rsquo;enqu\u00eates men\u00e9es par l&rsquo;autorit\u00e9 de contr\u00f4le afin d&rsquo;obtenir le r\u00e9sultat le plus favorable pour vous.<\/li>\n<li>R\u00e9diger des soumissions pour les enqu\u00eates formelles devant le Commissariat \u00e0 l&rsquo;acc\u00e8s \u00e0 l&rsquo;information et \u00e0 la protection de la vie priv\u00e9e qui vous donnent les meilleures chances de succ\u00e8s.<\/li>\n<\/ul>\n<\/div><\/section><br \/>\n<div  class='avia-button-wrap av-as0nv-98d956e35ae9ba03699e6c428f4669ff-wrap avia-button-left  avia-builder-el-14  el_after_av_textblock  avia-builder-el-last '><a href='https:\/\/twoislandsinfoprivacy.com\/fr\/contactez\/'  class='avia-button av-as0nv-98d956e35ae9ba03699e6c428f4669ff av-link-btn avia-icon_select-no avia-size-small avia-position-left avia-color-theme-color'   aria-label=\"Commencez\"><span class='avia_iconbox_title' >Commencez<\/span><\/a><\/div><\/p><\/div><\/div><!--close column table wrapper. Autoclose: 1 --><\/p>\n","protected":false},"excerpt":{"rendered":"","protected":false},"author":1,"featured_media":0,"parent":0,"menu_order":0,"comment_status":"closed","ping_status":"closed","template":"","meta":{"footnotes":""},"class_list":["post-387","page","type-page","status-publish","hentry"],"yoast_head":"<!-- This site is optimized with the Yoast SEO plugin v27.3 - https:\/\/yoast.com\/product\/yoast-seo-wordpress\/ -->\n<title>Services de protection de la vie priv\u00e9e pour les individus &#8226; Deux \u00celes: Information &amp; Confidentialit\u00e9<\/title>\n<meta name=\"description\" content=\"S&#039;assurer que les entreprises et les autorit\u00e9s publics conservent vos donn\u00e9es personnelles en toute s\u00e9curit\u00e9.\" \/>\n<meta name=\"robots\" content=\"index, follow, max-snippet:-1, max-image-preview:large, max-video-preview:-1\" \/>\n<link rel=\"canonical\" href=\"https:\/\/twoislandsinfoprivacy.com\/fr\/services-for-individuals\/\" \/>\n<meta property=\"og:locale\" content=\"fr_CA\" \/>\n<meta property=\"og:type\" content=\"article\" \/>\n<meta property=\"og:title\" content=\"Services de protection de la vie priv\u00e9e pour les individus &#8226; Deux \u00celes: Information &amp; Confidentialit\u00e9\" \/>\n<meta property=\"og:description\" content=\"S&#039;assurer que les entreprises et les autorit\u00e9s publics conservent vos donn\u00e9es personnelles en toute s\u00e9curit\u00e9.\" \/>\n<meta property=\"og:url\" content=\"https:\/\/twoislandsinfoprivacy.com\/fr\/services-for-individuals\/\" \/>\n<meta property=\"og:site_name\" content=\"Deux \u00celes: Information &amp; Confidentialit\u00e9\" \/>\n<meta property=\"article:modified_time\" content=\"2022-06-01T17:08:20+00:00\" \/>\n<meta name=\"twitter:card\" content=\"summary_large_image\" \/>\n<meta name=\"twitter:label1\" content=\"Estimation du temps de lecture\" \/>\n\t<meta name=\"twitter:data1\" content=\"14 minutes\" \/>\n<script type=\"application\/ld+json\" class=\"yoast-schema-graph\">{\"@context\":\"https:\\\/\\\/schema.org\",\"@graph\":[{\"@type\":\"WebPage\",\"@id\":\"https:\\\/\\\/twoislandsinfoprivacy.com\\\/fr\\\/services-for-individuals\\\/\",\"url\":\"https:\\\/\\\/twoislandsinfoprivacy.com\\\/fr\\\/services-for-individuals\\\/\",\"name\":\"Services de protection de la vie priv\u00e9e pour les individus &#8226; Deux \u00celes: Information &amp; Confidentialit\u00e9\",\"isPartOf\":{\"@id\":\"https:\\\/\\\/twoislandsinfoprivacy.com\\\/fr\\\/#website\"},\"datePublished\":\"2021-10-14T22:23:59+00:00\",\"dateModified\":\"2022-06-01T17:08:20+00:00\",\"description\":\"S'assurer que les entreprises et les autorit\u00e9s publics conservent vos donn\u00e9es personnelles en toute s\u00e9curit\u00e9.\",\"breadcrumb\":{\"@id\":\"https:\\\/\\\/twoislandsinfoprivacy.com\\\/fr\\\/services-for-individuals\\\/#breadcrumb\"},\"inLanguage\":\"fr-CA\",\"potentialAction\":[{\"@type\":\"ReadAction\",\"target\":[\"https:\\\/\\\/twoislandsinfoprivacy.com\\\/fr\\\/services-for-individuals\\\/\"]}]},{\"@type\":\"BreadcrumbList\",\"@id\":\"https:\\\/\\\/twoislandsinfoprivacy.com\\\/fr\\\/services-for-individuals\\\/#breadcrumb\",\"itemListElement\":[{\"@type\":\"ListItem\",\"position\":1,\"name\":\"Home\",\"item\":\"https:\\\/\\\/twoislandsinfoprivacy.com\\\/fr\\\/\"},{\"@type\":\"ListItem\",\"position\":2,\"name\":\"Services de protection de la vie priv\u00e9e pour les individus\"}]},{\"@type\":\"WebSite\",\"@id\":\"https:\\\/\\\/twoislandsinfoprivacy.com\\\/fr\\\/#website\",\"url\":\"https:\\\/\\\/twoislandsinfoprivacy.com\\\/fr\\\/\",\"name\":\"Deux \u00celes: Information &amp; Confidentialit\u00e9\",\"description\":\"\",\"publisher\":{\"@id\":\"https:\\\/\\\/twoislandsinfoprivacy.com\\\/fr\\\/#organization\"},\"potentialAction\":[{\"@type\":\"SearchAction\",\"target\":{\"@type\":\"EntryPoint\",\"urlTemplate\":\"https:\\\/\\\/twoislandsinfoprivacy.com\\\/fr\\\/?s={search_term_string}\"},\"query-input\":{\"@type\":\"PropertyValueSpecification\",\"valueRequired\":true,\"valueName\":\"search_term_string\"}}],\"inLanguage\":\"fr-CA\"},{\"@type\":\"Organization\",\"@id\":\"https:\\\/\\\/twoislandsinfoprivacy.com\\\/fr\\\/#organization\",\"name\":\"Deux \u00celes: Information & Confidentialit\u00e9\",\"url\":\"https:\\\/\\\/twoislandsinfoprivacy.com\\\/fr\\\/\",\"logo\":{\"@type\":\"ImageObject\",\"inLanguage\":\"fr-CA\",\"@id\":\"https:\\\/\\\/twoislandsinfoprivacy.com\\\/fr\\\/#\\\/schema\\\/logo\\\/image\\\/\",\"url\":\"https:\\\/\\\/twoislandsinfoprivacy.com\\\/fr\\\/wp-content\\\/uploads\\\/sites\\\/2\\\/2021\\\/09\\\/Two-Islands-logo-rgb-full-colour.png\",\"contentUrl\":\"https:\\\/\\\/twoislandsinfoprivacy.com\\\/fr\\\/wp-content\\\/uploads\\\/sites\\\/2\\\/2021\\\/09\\\/Two-Islands-logo-rgb-full-colour.png\",\"width\":439,\"height\":73,\"caption\":\"Deux \u00celes: Information & Confidentialit\u00e9\"},\"image\":{\"@id\":\"https:\\\/\\\/twoislandsinfoprivacy.com\\\/fr\\\/#\\\/schema\\\/logo\\\/image\\\/\"}}]}<\/script>\n<!-- \/ Yoast SEO plugin. -->","yoast_head_json":{"title":"Services de protection de la vie priv\u00e9e pour les individus &#8226; Deux \u00celes: Information &amp; Confidentialit\u00e9","description":"S'assurer que les entreprises et les autorit\u00e9s publics conservent vos donn\u00e9es personnelles en toute s\u00e9curit\u00e9.","robots":{"index":"index","follow":"follow","max-snippet":"max-snippet:-1","max-image-preview":"max-image-preview:large","max-video-preview":"max-video-preview:-1"},"canonical":"https:\/\/twoislandsinfoprivacy.com\/fr\/services-for-individuals\/","og_locale":"fr_CA","og_type":"article","og_title":"Services de protection de la vie priv\u00e9e pour les individus &#8226; Deux \u00celes: Information &amp; Confidentialit\u00e9","og_description":"S'assurer que les entreprises et les autorit\u00e9s publics conservent vos donn\u00e9es personnelles en toute s\u00e9curit\u00e9.","og_url":"https:\/\/twoislandsinfoprivacy.com\/fr\/services-for-individuals\/","og_site_name":"Deux \u00celes: Information &amp; Confidentialit\u00e9","article_modified_time":"2022-06-01T17:08:20+00:00","twitter_card":"summary_large_image","twitter_misc":{"Estimation du temps de lecture":"14 minutes"},"schema":{"@context":"https:\/\/schema.org","@graph":[{"@type":"WebPage","@id":"https:\/\/twoislandsinfoprivacy.com\/fr\/services-for-individuals\/","url":"https:\/\/twoislandsinfoprivacy.com\/fr\/services-for-individuals\/","name":"Services de protection de la vie priv\u00e9e pour les individus &#8226; Deux \u00celes: Information &amp; Confidentialit\u00e9","isPartOf":{"@id":"https:\/\/twoislandsinfoprivacy.com\/fr\/#website"},"datePublished":"2021-10-14T22:23:59+00:00","dateModified":"2022-06-01T17:08:20+00:00","description":"S'assurer que les entreprises et les autorit\u00e9s publics conservent vos donn\u00e9es personnelles en toute s\u00e9curit\u00e9.","breadcrumb":{"@id":"https:\/\/twoislandsinfoprivacy.com\/fr\/services-for-individuals\/#breadcrumb"},"inLanguage":"fr-CA","potentialAction":[{"@type":"ReadAction","target":["https:\/\/twoislandsinfoprivacy.com\/fr\/services-for-individuals\/"]}]},{"@type":"BreadcrumbList","@id":"https:\/\/twoislandsinfoprivacy.com\/fr\/services-for-individuals\/#breadcrumb","itemListElement":[{"@type":"ListItem","position":1,"name":"Home","item":"https:\/\/twoislandsinfoprivacy.com\/fr\/"},{"@type":"ListItem","position":2,"name":"Services de protection de la vie priv\u00e9e pour les individus"}]},{"@type":"WebSite","@id":"https:\/\/twoislandsinfoprivacy.com\/fr\/#website","url":"https:\/\/twoislandsinfoprivacy.com\/fr\/","name":"Deux \u00celes: Information &amp; Confidentialit\u00e9","description":"","publisher":{"@id":"https:\/\/twoislandsinfoprivacy.com\/fr\/#organization"},"potentialAction":[{"@type":"SearchAction","target":{"@type":"EntryPoint","urlTemplate":"https:\/\/twoislandsinfoprivacy.com\/fr\/?s={search_term_string}"},"query-input":{"@type":"PropertyValueSpecification","valueRequired":true,"valueName":"search_term_string"}}],"inLanguage":"fr-CA"},{"@type":"Organization","@id":"https:\/\/twoislandsinfoprivacy.com\/fr\/#organization","name":"Deux \u00celes: Information & Confidentialit\u00e9","url":"https:\/\/twoislandsinfoprivacy.com\/fr\/","logo":{"@type":"ImageObject","inLanguage":"fr-CA","@id":"https:\/\/twoislandsinfoprivacy.com\/fr\/#\/schema\/logo\/image\/","url":"https:\/\/twoislandsinfoprivacy.com\/fr\/wp-content\/uploads\/sites\/2\/2021\/09\/Two-Islands-logo-rgb-full-colour.png","contentUrl":"https:\/\/twoislandsinfoprivacy.com\/fr\/wp-content\/uploads\/sites\/2\/2021\/09\/Two-Islands-logo-rgb-full-colour.png","width":439,"height":73,"caption":"Deux \u00celes: Information & Confidentialit\u00e9"},"image":{"@id":"https:\/\/twoislandsinfoprivacy.com\/fr\/#\/schema\/logo\/image\/"}}]}},"_links":{"self":[{"href":"https:\/\/twoislandsinfoprivacy.com\/fr\/wp-json\/wp\/v2\/pages\/387","targetHints":{"allow":["GET"]}}],"collection":[{"href":"https:\/\/twoislandsinfoprivacy.com\/fr\/wp-json\/wp\/v2\/pages"}],"about":[{"href":"https:\/\/twoislandsinfoprivacy.com\/fr\/wp-json\/wp\/v2\/types\/page"}],"author":[{"embeddable":true,"href":"https:\/\/twoislandsinfoprivacy.com\/fr\/wp-json\/wp\/v2\/users\/1"}],"replies":[{"embeddable":true,"href":"https:\/\/twoislandsinfoprivacy.com\/fr\/wp-json\/wp\/v2\/comments?post=387"}],"version-history":[{"count":7,"href":"https:\/\/twoislandsinfoprivacy.com\/fr\/wp-json\/wp\/v2\/pages\/387\/revisions"}],"predecessor-version":[{"id":867,"href":"https:\/\/twoislandsinfoprivacy.com\/fr\/wp-json\/wp\/v2\/pages\/387\/revisions\/867"}],"wp:attachment":[{"href":"https:\/\/twoislandsinfoprivacy.com\/fr\/wp-json\/wp\/v2\/media?parent=387"}],"curies":[{"name":"wp","href":"https:\/\/api.w.org\/{rel}","templated":true}]}}