{"id":3,"date":"2021-09-14T16:33:41","date_gmt":"2021-09-14T16:33:41","guid":{"rendered":"https:\/\/twoislandsinfoprivacy.com\/fr\/?page_id=3"},"modified":"2022-06-01T10:00:06","modified_gmt":"2022-06-01T17:00:06","slug":"privacy-policy","status":"publish","type":"page","link":"https:\/\/twoislandsinfoprivacy.com\/fr\/privacy-policy\/","title":{"rendered":"Politique de confidentialit\u00e9"},"content":{"rendered":"<section  class='av_textblock_section av-ku4ksb78-2345e744714a1a27147d49d9e4a1fe77 '   itemscope=\"itemscope\" itemtype=\"https:\/\/schema.org\/CreativeWork\" ><div class='avia_textblock'  itemprop=\"text\" ><\/p>\n<h5 class=\"wp-block-heading\" style=\"text-align: center;\">Two Islands\/Deux \u00celes l&rsquo;acces \u00e0 l&rsquo;information, la vie priv\u00e9e et affaires publiques : Politique de protection des informations personnelles<\/h5>\n<p>Chez Two Islands\/Deux \u00celes l&rsquo;acces \u00e0 l&rsquo;information, la vie priv\u00e9e et affaires publiques, nous nous engageons \u00e0 fournir \u00e0 nos clients un service exceptionnel.\u00a0 Comme la prestation de ce service implique la collecte, l&rsquo;utilisation et la divulgation de certaines renseignementss personnelles sur nos clients, la protection de leurs resiegnments personnelles est l&rsquo;une de nos plus grandes priorit\u00e9s.<\/p>\n<p>Bien que nous ayons toujours respect\u00e9 la vie priv\u00e9e de nos clients et sauvegard\u00e9 leurs renseignements personnels, nous avons renforc\u00e9 notre engagement \u00e0 prot\u00e9ger les renseignements personnels conform\u00e9ment \u00e0 la Personal Information Protection Act (PIPA) de la Colombie-Britannique.\u00a0 La PIPA, qui est entr\u00e9e en vigueur le 1er janvier 2004, \u00e9tablit les r\u00e8gles de base sur la fa\u00e7on dont les entreprises et les organismes sans but lucratif de la Colombie-Britannique peuvent recueillir, utiliser et divulguer les renseignements personnels.<\/p>\n<p>Nous informerons nos clients des raisons pour lesquelles nous recueillons, utilisons et divulguons leurs renseignements personnels et de la fa\u00e7on dont nous le faisons, nous obtiendrons leur consentement au besoin et nous ne traiterons leurs renseignements personnels que d&rsquo;une mani\u00e8re qu&rsquo;une personne raisonnable jugerait appropri\u00e9e dans les circonstances.<\/p>\n<p>La pr\u00e9sente politique de protection des renseignements personnels, conform\u00e9ment \u00e0 la PIPA, d\u00e9crit les principes et les pratiques que nous suivrons pour prot\u00e9ger les renseignements personnels de nos clients.\u00a0 Notre engagement en mati\u00e8re de protection de la vie priv\u00e9e consiste \u00e0 garantir l&rsquo;exactitude, la confidentialit\u00e9 et la s\u00e9curit\u00e9 des informations personnelles de nos clients et \u00e0 permettre \u00e0 nos clients de demander l&rsquo;acc\u00e8s \u00e0 leurs informations personnelles et leur correction.<\/p>\n<p>Two Islands\/Deux \u00celes l&rsquo;acces \u00e0 l&rsquo;information, la vie priv\u00e9e et affaires publiques n&rsquo;a pas de filiales et n&#8217;emploie jamais de sous-traitants.<\/p>\n<h5>D\u00e9finitions<\/h5>\n<p><strong><em>Renseignments personnelles \u2013<\/em><\/strong>d\u00e9signe les informations relatives \u00e0 une personne identifiable.\u00a0 Les renseignements personnels ne comprennent pas les coordonn\u00e9es (d\u00e9crites ci-dessous).<\/p>\n<p><strong><em>Informations de contact <\/em><\/strong>\u2013 d\u00e9signe les informations permettant de contacter une personne dans un lieu d&rsquo;affaires et comprend le nom, le nom ou le titre du poste, le num\u00e9ro de t\u00e9l\u00e9phone professionnel, l&rsquo;adresse professionnelle, l&rsquo;adresse \u00e9lectronique professionnelle ou le num\u00e9ro de t\u00e9l\u00e9copie professionnel.\u00a0 Les informations de contact ne sont pas couvertes par cette politique ou par la PIPA.<\/p>\n<p><b><i>D\u00e9l\u00e9gu\u00e9 de la protection de la vie priv\u00e9e<\/i><\/b>\u2013 d\u00e9signe la personne d\u00e9sign\u00e9e responsable de veiller \u00e0 ce que Two Islands\/Deux \u00celes l&rsquo;acces \u00e0 l&rsquo;information, la vie priv\u00e9e et affaires publiques se conforme \u00e0 cette politique et \u00e0 la PIPA.<\/p>\n<h5>Politique 1 &#8211; Collecte de renseignements personnelles<\/h5>\n<p>1.1 \u00c0 moins que les objectifs de la collecte de renseignements personnels soient \u00e9vidents et que le client fournisse volontairement ses renseignements personnels \u00e0 ces fins, nous communiquerons les objectifs pour lesquels les renseignements personnels sont recueillis, oralement ou par \u00e9crit, avant ou au moment de la collecte.<\/p>\n<p>1.2 Nous ne recueillerons que les renseignements sur les clients qui sont n\u00e9cessaires pour atteindre les objectifs suivants :<\/p>\n<p>Pour v\u00e9rifier l&rsquo;identit\u00e9 ;<br \/>fournir les services demand\u00e9s<br \/>assurer un niveau de service \u00e9lev\u00e9 \u00e0 nos clients.<\/p>\n<p>1.3 Le client peut fournir les informations personnelles d&rsquo;autres personnes, telles que les donn\u00e9es personnelles dont il a la garde et qui font l&rsquo;objet d&rsquo;une demande de libert\u00e9 d&rsquo;information ou d&rsquo;une plainte pour atteinte \u00e0 la vie priv\u00e9e. Nous collecterons ces informations personnelles uniquement dans le but de fournir des services de conseil au client.<\/p>\n<h5>Politique 2 &#8211; Consentement<\/h5>\n<p>2.1 Nous obtiendrons le consentement du client pour collecter, utiliser ou divulguer des informations personnelles (sauf dans les cas o\u00f9, comme indiqu\u00e9 ci-dessous, nous sommes autoris\u00e9s \u00e0 le faire sans consentement).<\/p>\n<p>2.2 Le consentement peut \u00eatre donn\u00e9 ou implicite lorsque l&rsquo;objectif de la collecte, de l&rsquo;utilisation ou de la divulgation des renseignements personnels est consid\u00e9r\u00e9 comme \u00e9vident et que le client fournit volontairement des renseignements personnels \u00e0 cette fin.<\/p>\n<p>2.3 Sous r\u00e9serve de certaines exceptions (par exemple, les informations personnelles sont n\u00e9cessaires pour fournir le service ou le produit, ou le retrait du consentement emp\u00eacherait l&rsquo;ex\u00e9cution d&rsquo;une obligation l\u00e9gale), les clients peuvent refuser ou retirer leur consentement \u00e0 l&rsquo;utilisation de leurs informations personnelles par le Service de l&rsquo;information, de la protection de la vie priv\u00e9e et des affaires publiques des Deux \u00celes de certaines mani\u00e8res.\u00a0 La d\u00e9cision d&rsquo;un client de refuser ou de retirer son consentement \u00e0 certaines utilisations de ses informations personnelles peut restreindre notre capacit\u00e9 \u00e0 fournir un service particulier.\u00a0 Si tel est le cas, nous expliquerons la situation pour aider le client \u00e0 prendre sa d\u00e9cision.<\/p>\n<p>2.4 Nous pouvons recueillir, utiliser ou divulguer des renseignements personnels \u00e0 l&rsquo;insu des clients ou sans leur consentement dans les circonstances limit\u00e9es suivantes :<\/p>\n<p>Lorsque la collecte, l&rsquo;utilisation ou la divulgation de renseignements personnels est autoris\u00e9e ou exig\u00e9e par la loi ;<br \/>Lorsque nous avons besoin de l&rsquo;avis juridique d&rsquo;un avocat ;<br \/>Aux fins du recouvrement d&rsquo;une dette.<\/p>\n<h5>Politique 3 &#8211; Utilisation et divulgation des renseignements personnels<\/h5>\n<p>3.1 Nous n&rsquo;utiliserons ou ne divulguerons les informations personnelles des clients que lorsque cela sera n\u00e9cessaire pour atteindre les objectifs identifi\u00e9s au moment de la collecte.<\/p>\n<p>3.2 Nous n&rsquo;utiliserons pas ou ne divulguerons pas les renseignements personnels du client \u00e0 d&rsquo;autres fins, \u00e0 moins d&rsquo;obtenir le consentement du client pour le faire.<\/p>\n<p>3.3 Le client peut fournir les informations personnelles d&rsquo;autres personnes, telles que les donn\u00e9es personnelles dont il a la garde et qui font l&rsquo;objet d&rsquo;une demande de libert\u00e9 d&rsquo;information ou d&rsquo;une plainte relative \u00e0 la vie priv\u00e9e. Nous utiliserons ces informations personnelles uniquement dans le but de fournir des services de conseil au client.<\/p>\n<p>3.3 Nous ne vendrons pas de listes de clients ou d&rsquo;informations personnelles \u00e0 d&rsquo;autres parties.<\/p>\n<h5>Politique 4 &#8211; Conservation des renseignements personnels<\/h5>\n<p>4.1 Si nous utilisons les informations personnelles du client pour prendre une d\u00e9cision qui affecte directement le client, nous conserverons ces informations personnelles pendant au moins un an afin que le client ait une possibilit\u00e9 raisonnable de demander \u00e0 y avoir acc\u00e8s.<\/p>\n<p>4.2 Sous r\u00e9serve de la politique 4.1, nous ne conserverons les renseignements personnels des clients et d&rsquo;autres renseignements personnels qu&rsquo;aussi longtemps que n\u00e9cessaire pour atteindre les objectifs identifi\u00e9s ou un objectif l\u00e9gal ou commercial.<\/p>\n<h5>Politique 5 &#8211; Assurer l&rsquo;exactitude des renseignements personnels<\/h5>\n<p>5.1 Nous ferons des efforts raisonnables pour nous assurer que les informations personnelles des clients sont exactes et compl\u00e8tes lorsqu&rsquo;elles peuvent \u00eatre utilis\u00e9es pour prendre une d\u00e9cision concernant le client ou divulgu\u00e9es \u00e0 une autre organisation.<\/p>\n<p>5.2 Les clients peuvent demander la correction de leurs renseignements personnels afin d&rsquo;en assurer l&rsquo;exactitude et l&rsquo;exhaustivit\u00e9.\u00a0 Une demande de correction des informations personnelles doit \u00eatre faite par \u00e9crit et fournir suffisamment de d\u00e9tails pour identifier les informations personnelles et la correction demand\u00e9e.<\/p>\n<p>5.3 S&rsquo;il est d\u00e9montr\u00e9 que les informations personnelles sont inexactes ou incompl\u00e8tes, nous les corrigerons comme il se doit et enverrons les informations corrig\u00e9es \u00e0 toute organisation \u00e0 laquelle nous avons divulgu\u00e9 les informations personnelles l&rsquo;ann\u00e9e pr\u00e9c\u00e9dente.\u00a0 Si la correction n&rsquo;est pas effectu\u00e9e, nous noterons la demande de correction des clients, des membres dans le dossier.<\/p>\n<h5>Politique 6 &#8211; S\u00e9curisation des informations personnelles<\/h5>\n<p>6.1 Nous nous engageons \u00e0 assurer la s\u00e9curit\u00e9 des informations personnelles du client et des autres informations personnelles que le client fournit afin de les prot\u00e9ger contre tout acc\u00e8s, collecte, utilisation, divulgation, copie, modification ou \u00e9limination non autoris\u00e9s ou contre tout autre risque similaire.<\/p>\n<p>6.2 Les mesures de s\u00e9curit\u00e9 suivantes seront appliqu\u00e9es pour garantir que les informations personnelles des clients sont prot\u00e9g\u00e9es de mani\u00e8re appropri\u00e9e :<\/p>\n<p>Les informations sous forme \u00e9lectronique seront stock\u00e9es sur un ordinateur personnel, prot\u00e9g\u00e9 par des pare-feu et une protection anti-virus appropri\u00e9s, accessible uniquement avec un identifiant d&rsquo;utilisateur, des mots de passe et un cryptage. Tous les documents sur papier seront stock\u00e9s dans un b\u00e2timent s\u00e9curis\u00e9, dans une armoire verrouill\u00e9e.<\/p>\n<p>6.3 Nous utiliserons des mesures de s\u00e9curit\u00e9 appropri\u00e9es lors de la destruction des informations personnelles des clients, comme le d\u00e9chiquetage des documents et la suppression s\u00e9curis\u00e9e des informations \u00e9lectroniques.<\/p>\n<p>6.4 Nous r\u00e9viserons et mettrons \u00e0 jour continuellement nos politiques et contr\u00f4les de s\u00e9curit\u00e9 au fur et \u00e0 mesure de l&rsquo;\u00e9volution de la technologie afin de garantir la s\u00e9curit\u00e9 permanente des informations personnelles.<\/p>\n<h5>Politique 7 &#8211; Donner aux clients l&rsquo;acc\u00e8s aux renseignements personnels<\/h5>\n<p>7.1 Les clients ont le droit d&rsquo;acc\u00e9der \u00e0 leurs informations personnelles, sous r\u00e9serve d&rsquo;exceptions limit\u00e9es.<\/p>\n<p>7.2 Une demande d&rsquo;acc\u00e8s aux renseignements personnels doit \u00eatre faite par \u00e9crit et fournir suffisamment de d\u00e9tails pour identifier les renseignements personnels recherch\u00e9s.\u00a0 Une demande d&rsquo;acc\u00e8s aux informations personnelles doit \u00eatre transmise au responsable de la protection de la vie priv\u00e9e.<\/p>\n<p>7.3 Sur demande, nous indiquerons \u00e9galement aux clients comment nous utilisons leurs informations personnelles et \u00e0 qui elles ont \u00e9t\u00e9 divulgu\u00e9es, le cas \u00e9ch\u00e9ant.<\/p>\n<p>7.4 Nous mettrons \u00e0 disposition les informations demand\u00e9es d\u00e8s que possible, mais au plus tard dans les 30 jours ouvrables, ou nous fournirons un avis \u00e9crit de prolongation si un d\u00e9lai suppl\u00e9mentaire est n\u00e9cessaire pour r\u00e9pondre \u00e0 la demande.<\/p>\n<p>7.5 Si une demande est refus\u00e9e en totalit\u00e9 ou en partie, nous en informerons le client par \u00e9crit, en indiquant les raisons du refus et les recours dont dispose le client.<\/p>\n<h5>Politique 8 &#8211; Questions et plaintes :\u00a0 Le r\u00f4le du d\u00e9l\u00e9gu\u00e9 de la protection de la vie priv\u00e9e ou de la personne d\u00e9sign\u00e9e<\/h5>\n<p>8.1 Le d\u00e9l\u00e9gu\u00e9 de la protection de la vie priv\u00e9e est charg\u00e9 de veiller \u00e0 ce que le Two Islands Information, Privacy and Public Affairs respecte la pr\u00e9sente politique et la loi sur la protection des informations personnelles.<\/p>\n<p>8.2 Les clients doivent adresser par \u00e9crit au d\u00e9l\u00e9gu\u00e9 de la protection de la vie priv\u00e9e toute plainte, pr\u00e9occupation ou question concernant le respect de la politique par le Service d&rsquo;information, de protection de la vie priv\u00e9e et des affaires publiques de Two Islands. Si le responsable de la protection de la vie priv\u00e9e n&rsquo;est pas en mesure de r\u00e9soudre le probl\u00e8me, le client peut \u00e9galement \u00e9crire au commissaire \u00e0 l&rsquo;information et \u00e0 la protection de la vie priv\u00e9e de la Colombie-Britannique.<\/p>\n<p>Coordonn\u00e9es du d\u00e9l\u00e9gu\u00e9 de la protection de la vie priv\u00e9e de Two Islands\/Deux \u00celes l&rsquo;acces \u00e0 l&rsquo;information, la vie priv\u00e9e et affaires publiques \u00a0:<\/p>\n<p>Dr. Jay Fedorak <a href=\"mailto:jfedorak@twoislandsinfoprivacy.com\">jfedorak@twoislandsinfoprivacy.com\/fr<\/a><\/p>\n<p><\/p>\n<\/div><\/section>","protected":false},"excerpt":{"rendered":"","protected":false},"author":1,"featured_media":0,"parent":0,"menu_order":0,"comment_status":"closed","ping_status":"open","template":"","meta":{"footnotes":""},"class_list":["post-3","page","type-page","status-publish","hentry"],"yoast_head":"<!-- This site is optimized with the Yoast SEO plugin v27.3 - https:\/\/yoast.com\/product\/yoast-seo-wordpress\/ -->\n<title>Politique de confidentialit\u00e9 &#8226; Deux \u00celes: Information &amp; Confidentialit\u00e9<\/title>\n<meta name=\"description\" content=\"Two Islands\/Deux \u00celes a renforc\u00e9 son engagement \u00e0 prot\u00e9ger les informations personnelles conform\u00e9ment \u00e0 la loi (PIPA).\" \/>\n<meta name=\"robots\" content=\"index, follow, max-snippet:-1, max-image-preview:large, max-video-preview:-1\" \/>\n<link rel=\"canonical\" href=\"https:\/\/twoislandsinfoprivacy.com\/fr\/privacy-policy\/\" \/>\n<meta property=\"og:locale\" content=\"fr_CA\" \/>\n<meta property=\"og:type\" content=\"article\" \/>\n<meta property=\"og:title\" content=\"Politique de confidentialit\u00e9 &#8226; Deux \u00celes: Information &amp; Confidentialit\u00e9\" \/>\n<meta property=\"og:description\" content=\"Two Islands\/Deux \u00celes a renforc\u00e9 son engagement \u00e0 prot\u00e9ger les informations personnelles conform\u00e9ment \u00e0 la loi (PIPA).\" \/>\n<meta property=\"og:url\" content=\"https:\/\/twoislandsinfoprivacy.com\/fr\/privacy-policy\/\" \/>\n<meta property=\"og:site_name\" content=\"Deux \u00celes: Information &amp; Confidentialit\u00e9\" \/>\n<meta property=\"article:modified_time\" content=\"2022-06-01T17:00:06+00:00\" \/>\n<meta name=\"twitter:card\" content=\"summary_large_image\" \/>\n<meta name=\"twitter:label1\" content=\"Estimation du temps de lecture\" \/>\n\t<meta name=\"twitter:data1\" content=\"9 minutes\" \/>\n<script type=\"application\/ld+json\" class=\"yoast-schema-graph\">{\"@context\":\"https:\\\/\\\/schema.org\",\"@graph\":[{\"@type\":\"WebPage\",\"@id\":\"https:\\\/\\\/twoislandsinfoprivacy.com\\\/fr\\\/privacy-policy\\\/\",\"url\":\"https:\\\/\\\/twoislandsinfoprivacy.com\\\/fr\\\/privacy-policy\\\/\",\"name\":\"Politique de confidentialit\u00e9 &#8226; Deux \u00celes: Information &amp; Confidentialit\u00e9\",\"isPartOf\":{\"@id\":\"https:\\\/\\\/twoislandsinfoprivacy.com\\\/fr\\\/#website\"},\"datePublished\":\"2021-09-14T16:33:41+00:00\",\"dateModified\":\"2022-06-01T17:00:06+00:00\",\"description\":\"Two Islands\\\/Deux \u00celes a renforc\u00e9 son engagement \u00e0 prot\u00e9ger les informations personnelles conform\u00e9ment \u00e0 la loi (PIPA).\",\"breadcrumb\":{\"@id\":\"https:\\\/\\\/twoislandsinfoprivacy.com\\\/fr\\\/privacy-policy\\\/#breadcrumb\"},\"inLanguage\":\"fr-CA\",\"potentialAction\":[{\"@type\":\"ReadAction\",\"target\":[\"https:\\\/\\\/twoislandsinfoprivacy.com\\\/fr\\\/privacy-policy\\\/\"]}]},{\"@type\":\"BreadcrumbList\",\"@id\":\"https:\\\/\\\/twoislandsinfoprivacy.com\\\/fr\\\/privacy-policy\\\/#breadcrumb\",\"itemListElement\":[{\"@type\":\"ListItem\",\"position\":1,\"name\":\"Home\",\"item\":\"https:\\\/\\\/twoislandsinfoprivacy.com\\\/fr\\\/\"},{\"@type\":\"ListItem\",\"position\":2,\"name\":\"Politique de confidentialit\u00e9\"}]},{\"@type\":\"WebSite\",\"@id\":\"https:\\\/\\\/twoislandsinfoprivacy.com\\\/fr\\\/#website\",\"url\":\"https:\\\/\\\/twoislandsinfoprivacy.com\\\/fr\\\/\",\"name\":\"Deux \u00celes: Information &amp; Confidentialit\u00e9\",\"description\":\"\",\"publisher\":{\"@id\":\"https:\\\/\\\/twoislandsinfoprivacy.com\\\/fr\\\/#organization\"},\"potentialAction\":[{\"@type\":\"SearchAction\",\"target\":{\"@type\":\"EntryPoint\",\"urlTemplate\":\"https:\\\/\\\/twoislandsinfoprivacy.com\\\/fr\\\/?s={search_term_string}\"},\"query-input\":{\"@type\":\"PropertyValueSpecification\",\"valueRequired\":true,\"valueName\":\"search_term_string\"}}],\"inLanguage\":\"fr-CA\"},{\"@type\":\"Organization\",\"@id\":\"https:\\\/\\\/twoislandsinfoprivacy.com\\\/fr\\\/#organization\",\"name\":\"Deux \u00celes: Information & Confidentialit\u00e9\",\"url\":\"https:\\\/\\\/twoislandsinfoprivacy.com\\\/fr\\\/\",\"logo\":{\"@type\":\"ImageObject\",\"inLanguage\":\"fr-CA\",\"@id\":\"https:\\\/\\\/twoislandsinfoprivacy.com\\\/fr\\\/#\\\/schema\\\/logo\\\/image\\\/\",\"url\":\"https:\\\/\\\/twoislandsinfoprivacy.com\\\/fr\\\/wp-content\\\/uploads\\\/sites\\\/2\\\/2021\\\/09\\\/Two-Islands-logo-rgb-full-colour.png\",\"contentUrl\":\"https:\\\/\\\/twoislandsinfoprivacy.com\\\/fr\\\/wp-content\\\/uploads\\\/sites\\\/2\\\/2021\\\/09\\\/Two-Islands-logo-rgb-full-colour.png\",\"width\":439,\"height\":73,\"caption\":\"Deux \u00celes: Information & Confidentialit\u00e9\"},\"image\":{\"@id\":\"https:\\\/\\\/twoislandsinfoprivacy.com\\\/fr\\\/#\\\/schema\\\/logo\\\/image\\\/\"}}]}<\/script>\n<!-- \/ Yoast SEO plugin. -->","yoast_head_json":{"title":"Politique de confidentialit\u00e9 &#8226; Deux \u00celes: Information &amp; Confidentialit\u00e9","description":"Two Islands\/Deux \u00celes a renforc\u00e9 son engagement \u00e0 prot\u00e9ger les informations personnelles conform\u00e9ment \u00e0 la loi (PIPA).","robots":{"index":"index","follow":"follow","max-snippet":"max-snippet:-1","max-image-preview":"max-image-preview:large","max-video-preview":"max-video-preview:-1"},"canonical":"https:\/\/twoislandsinfoprivacy.com\/fr\/privacy-policy\/","og_locale":"fr_CA","og_type":"article","og_title":"Politique de confidentialit\u00e9 &#8226; Deux \u00celes: Information &amp; Confidentialit\u00e9","og_description":"Two Islands\/Deux \u00celes a renforc\u00e9 son engagement \u00e0 prot\u00e9ger les informations personnelles conform\u00e9ment \u00e0 la loi (PIPA).","og_url":"https:\/\/twoislandsinfoprivacy.com\/fr\/privacy-policy\/","og_site_name":"Deux \u00celes: Information &amp; Confidentialit\u00e9","article_modified_time":"2022-06-01T17:00:06+00:00","twitter_card":"summary_large_image","twitter_misc":{"Estimation du temps de lecture":"9 minutes"},"schema":{"@context":"https:\/\/schema.org","@graph":[{"@type":"WebPage","@id":"https:\/\/twoislandsinfoprivacy.com\/fr\/privacy-policy\/","url":"https:\/\/twoislandsinfoprivacy.com\/fr\/privacy-policy\/","name":"Politique de confidentialit\u00e9 &#8226; Deux \u00celes: Information &amp; Confidentialit\u00e9","isPartOf":{"@id":"https:\/\/twoislandsinfoprivacy.com\/fr\/#website"},"datePublished":"2021-09-14T16:33:41+00:00","dateModified":"2022-06-01T17:00:06+00:00","description":"Two Islands\/Deux \u00celes a renforc\u00e9 son engagement \u00e0 prot\u00e9ger les informations personnelles conform\u00e9ment \u00e0 la loi (PIPA).","breadcrumb":{"@id":"https:\/\/twoislandsinfoprivacy.com\/fr\/privacy-policy\/#breadcrumb"},"inLanguage":"fr-CA","potentialAction":[{"@type":"ReadAction","target":["https:\/\/twoislandsinfoprivacy.com\/fr\/privacy-policy\/"]}]},{"@type":"BreadcrumbList","@id":"https:\/\/twoislandsinfoprivacy.com\/fr\/privacy-policy\/#breadcrumb","itemListElement":[{"@type":"ListItem","position":1,"name":"Home","item":"https:\/\/twoislandsinfoprivacy.com\/fr\/"},{"@type":"ListItem","position":2,"name":"Politique de confidentialit\u00e9"}]},{"@type":"WebSite","@id":"https:\/\/twoislandsinfoprivacy.com\/fr\/#website","url":"https:\/\/twoislandsinfoprivacy.com\/fr\/","name":"Deux \u00celes: Information &amp; Confidentialit\u00e9","description":"","publisher":{"@id":"https:\/\/twoislandsinfoprivacy.com\/fr\/#organization"},"potentialAction":[{"@type":"SearchAction","target":{"@type":"EntryPoint","urlTemplate":"https:\/\/twoislandsinfoprivacy.com\/fr\/?s={search_term_string}"},"query-input":{"@type":"PropertyValueSpecification","valueRequired":true,"valueName":"search_term_string"}}],"inLanguage":"fr-CA"},{"@type":"Organization","@id":"https:\/\/twoislandsinfoprivacy.com\/fr\/#organization","name":"Deux \u00celes: Information & Confidentialit\u00e9","url":"https:\/\/twoislandsinfoprivacy.com\/fr\/","logo":{"@type":"ImageObject","inLanguage":"fr-CA","@id":"https:\/\/twoislandsinfoprivacy.com\/fr\/#\/schema\/logo\/image\/","url":"https:\/\/twoislandsinfoprivacy.com\/fr\/wp-content\/uploads\/sites\/2\/2021\/09\/Two-Islands-logo-rgb-full-colour.png","contentUrl":"https:\/\/twoislandsinfoprivacy.com\/fr\/wp-content\/uploads\/sites\/2\/2021\/09\/Two-Islands-logo-rgb-full-colour.png","width":439,"height":73,"caption":"Deux \u00celes: Information & Confidentialit\u00e9"},"image":{"@id":"https:\/\/twoislandsinfoprivacy.com\/fr\/#\/schema\/logo\/image\/"}}]}},"_links":{"self":[{"href":"https:\/\/twoislandsinfoprivacy.com\/fr\/wp-json\/wp\/v2\/pages\/3","targetHints":{"allow":["GET"]}}],"collection":[{"href":"https:\/\/twoislandsinfoprivacy.com\/fr\/wp-json\/wp\/v2\/pages"}],"about":[{"href":"https:\/\/twoislandsinfoprivacy.com\/fr\/wp-json\/wp\/v2\/types\/page"}],"author":[{"embeddable":true,"href":"https:\/\/twoislandsinfoprivacy.com\/fr\/wp-json\/wp\/v2\/users\/1"}],"replies":[{"embeddable":true,"href":"https:\/\/twoislandsinfoprivacy.com\/fr\/wp-json\/wp\/v2\/comments?post=3"}],"version-history":[{"count":6,"href":"https:\/\/twoislandsinfoprivacy.com\/fr\/wp-json\/wp\/v2\/pages\/3\/revisions"}],"predecessor-version":[{"id":863,"href":"https:\/\/twoislandsinfoprivacy.com\/fr\/wp-json\/wp\/v2\/pages\/3\/revisions\/863"}],"wp:attachment":[{"href":"https:\/\/twoislandsinfoprivacy.com\/fr\/wp-json\/wp\/v2\/media?parent=3"}],"curies":[{"name":"wp","href":"https:\/\/api.w.org\/{rel}","templated":true}]}}