{"id":23,"date":"2021-09-28T11:30:43","date_gmt":"2021-09-28T18:30:43","guid":{"rendered":"https:\/\/twoislandsinfoprivacy.com\/fr\/?page_id=23"},"modified":"2022-06-01T10:11:42","modified_gmt":"2022-06-01T17:11:42","slug":"blogue","status":"publish","type":"page","link":"https:\/\/twoislandsinfoprivacy.com\/fr\/blogue\/","title":{"rendered":"Blogue"},"content":{"rendered":"<div id='av_section_1'  class='avia-section av-a52b-6fbe30752728c3057f6c67e0b9b21eb0 main_color avia-section-default avia-no-border-styling  avia-builder-el-0  avia-builder-el-no-sibling  avia-bg-style-scroll container_wrap fullsize'  ><div class='container av-section-cont-open' ><main  role=\"main\" itemprop=\"mainContentOfPage\"  class='template-page content  av-content-full alpha units'><div class='post-entry post-entry-type-page post-entry-23'><div class='entry-content-wrapper clearfix'>\n<div  class='flex_column av-231mz-1908be78bb164b4135c5b2065ac96f45 av_one_full  avia-builder-el-1  avia-builder-el-no-sibling  first flex_column_div  '     ><div id='av-masonry-1' class='av-masonry av-13s47-4abc17f033c3e426f26a7b058079ab92 noHover av-fixed-size av-large-gap av-hover-overlay-active av-masonry-animation- av-masonry-col-3 av-caption-always av-caption-style-overlay av-masonry-entries ' data-post_id=\"23\"><div class=\"av-masonry-container isotope av-js-disabled\"><div class='av-masonry-entry isotope-item av-masonry-item-no-image '><\/div><a href=\"https:\/\/twoislandsinfoprivacy.com\/fr\/blog\/privacy-data-protection-and-health-care-emergencies\/\"  id='av-masonry-1-item-156' data-av-masonry-item='156' class='av-masonry-entry isotope-item post-156 post type-post status-publish format-standard has-post-thumbnail hentry category-news  av-masonry-item-with-image av-grid-img' title=\"Protection des donn\u00e9es personnelles\/de la vie priv\u00e9e et urgences sanitaires\"   itemscope=\"itemscope\" itemtype=\"https:\/\/schema.org\/CreativeWork\" ><div class='av-inner-masonry-sizer'><\/div><figure class='av-inner-masonry main_color'><div class=\"av-masonry-outerimage-container\"><div class='av-masonry-image-container' style=\"background-image: url(https:\/\/twoislandsinfoprivacy.com\/fr\/wp-content\/uploads\/sites\/2\/2021\/09\/medical.jpg);\" ><\/div><\/div><figcaption class='av-inner-masonry-content site-background'><div class='av-inner-masonry-content-pos'><div class='av-inner-masonry-content-pos-content'><div class='avia-arrow'><\/div><h3 class='av-masonry-entry-title entry-title '  itemprop=\"headline\" >Protection des donn\u00e9es personnelles\/de la vie priv\u00e9e et urgences sanitaires<\/h3><span class='av-masonry-date meta-color updated'>septembre 28, 2021<\/span><span class=\"av-masonry-text-sep text-sep-author\">\/<\/span><span class='av-masonry-author meta-color author'><span class='fn'>by Jay Fedorak<\/span><\/span><\/div><\/div><\/figcaption><\/figure><\/a><!--end av-masonry entry--><a href=\"https:\/\/twoislandsinfoprivacy.com\/fr\/blog\/privacy-data-protection-myths-cookies\/\"  id='av-masonry-1-item-154' data-av-masonry-item='154' class='av-masonry-entry isotope-item post-154 post type-post status-publish format-standard has-post-thumbnail hentry category-news  av-masonry-item-with-image av-grid-img' title=\"Mythes sur la protection de la vie priv\u00e9e et des donn\u00e9es personnelles: Cookies\"   itemscope=\"itemscope\" itemtype=\"https:\/\/schema.org\/CreativeWork\" ><div class='av-inner-masonry-sizer'><\/div><figure class='av-inner-masonry main_color'><div class=\"av-masonry-outerimage-container\"><div class='av-masonry-image-container' style=\"background-image: url(https:\/\/twoislandsinfoprivacy.com\/fr\/wp-content\/uploads\/sites\/2\/2021\/09\/Blog-Post_0007_hacker-working-using-computer-with-codes-PFX24VK.jpg);\" ><\/div><\/div><figcaption class='av-inner-masonry-content site-background'><div class='av-inner-masonry-content-pos'><div class='av-inner-masonry-content-pos-content'><div class='avia-arrow'><\/div><h3 class='av-masonry-entry-title entry-title '  itemprop=\"headline\" >Mythes sur la protection de la vie priv\u00e9e et des donn\u00e9es personnelles: Cookies<\/h3><span class='av-masonry-date meta-color updated'>septembre 28, 2021<\/span><span class=\"av-masonry-text-sep text-sep-author\">\/<\/span><span class='av-masonry-author meta-color author'><span class='fn'>by Jay Fedorak<\/span><\/span><\/div><\/div><\/figcaption><\/figure><\/a><!--end av-masonry entry--><a href=\"https:\/\/twoislandsinfoprivacy.com\/fr\/blog\/privacy-data-protection-myths-iii\/\"  id='av-masonry-1-item-152' data-av-masonry-item='152' class='av-masonry-entry isotope-item post-152 post type-post status-publish format-standard has-post-thumbnail hentry category-news  av-masonry-item-with-image av-grid-img' title=\"Briser les mythes sur la protection de la vie priv\u00e9e et des donn\u00e9es personnelles &#8211; partie 3\"   itemscope=\"itemscope\" itemtype=\"https:\/\/schema.org\/CreativeWork\" ><div class='av-inner-masonry-sizer'><\/div><figure class='av-inner-masonry main_color'><div class=\"av-masonry-outerimage-container\"><div class='av-masonry-image-container' style=\"background-image: url(https:\/\/twoislandsinfoprivacy.com\/fr\/wp-content\/uploads\/sites\/2\/2021\/09\/Blog-Post_0006_steeling-password-and-private-data-remotely-screen-NW8SBAJ.jpg);\" ><\/div><\/div><figcaption class='av-inner-masonry-content site-background'><div class='av-inner-masonry-content-pos'><div class='av-inner-masonry-content-pos-content'><div class='avia-arrow'><\/div><h3 class='av-masonry-entry-title entry-title '  itemprop=\"headline\" >Briser les mythes sur la protection de la vie priv\u00e9e et des donn\u00e9es personnelles &#8211; partie 3<\/h3><span class='av-masonry-date meta-color updated'>septembre 28, 2021<\/span><span class=\"av-masonry-text-sep text-sep-author\">\/<\/span><span class='av-masonry-author meta-color author'><span class='fn'>by Jay Fedorak<\/span><\/span><\/div><\/div><\/figcaption><\/figure><\/a><!--end av-masonry entry--><a href=\"https:\/\/twoislandsinfoprivacy.com\/fr\/blog\/privacy-data-protection-myths-ii\/\"  id='av-masonry-1-item-150' data-av-masonry-item='150' class='av-masonry-entry isotope-item post-150 post type-post status-publish format-standard has-post-thumbnail hentry category-news  av-masonry-item-with-image av-grid-img' title=\"Briser les mythes sur la protection des donn\u00e9es personnelles &#8211; partie 2\"   itemscope=\"itemscope\" itemtype=\"https:\/\/schema.org\/CreativeWork\" ><div class='av-inner-masonry-sizer'><\/div><figure class='av-inner-masonry main_color'><div class=\"av-masonry-outerimage-container\"><div class='av-masonry-image-container' style=\"background-image: url(https:\/\/twoislandsinfoprivacy.com\/fr\/wp-content\/uploads\/sites\/2\/2021\/09\/Blog-Post_0001_finger-touch-smartphone-screen-with-privacy-protec-PETDM47.jpg);\" ><\/div><\/div><figcaption class='av-inner-masonry-content site-background'><div class='av-inner-masonry-content-pos'><div class='av-inner-masonry-content-pos-content'><div class='avia-arrow'><\/div><h3 class='av-masonry-entry-title entry-title '  itemprop=\"headline\" >Briser les mythes sur la protection des donn\u00e9es personnelles &#8211; partie 2<\/h3><span class='av-masonry-date meta-color updated'>septembre 28, 2021<\/span><span class=\"av-masonry-text-sep text-sep-author\">\/<\/span><span class='av-masonry-author meta-color author'><span class='fn'>by Jay Fedorak<\/span><\/span><\/div><\/div><\/figcaption><\/figure><\/a><!--end av-masonry entry--><a href=\"https:\/\/twoislandsinfoprivacy.com\/fr\/blog\/privacy-data-protection-myths-i\/\"  id='av-masonry-1-item-148' data-av-masonry-item='148' class='av-masonry-entry isotope-item post-148 post type-post status-publish format-standard has-post-thumbnail hentry category-news  av-masonry-item-with-image av-grid-img' title=\"Briser les mythes sur la protection des donn\u00e9es personnelles &#8211; partie 1\"   itemscope=\"itemscope\" itemtype=\"https:\/\/schema.org\/CreativeWork\" ><div class='av-inner-masonry-sizer'><\/div><figure class='av-inner-masonry main_color'><div class=\"av-masonry-outerimage-container\"><div class='av-masonry-image-container' style=\"background-image: url(https:\/\/twoislandsinfoprivacy.com\/fr\/wp-content\/uploads\/sites\/2\/2021\/09\/Blog-Post_0003_rear-view-of-hacker-in-front-of-computer-with-mult-BPEKPUX.jpg);\" ><\/div><\/div><figcaption class='av-inner-masonry-content site-background'><div class='av-inner-masonry-content-pos'><div class='av-inner-masonry-content-pos-content'><div class='avia-arrow'><\/div><h3 class='av-masonry-entry-title entry-title '  itemprop=\"headline\" >Briser les mythes sur la protection des donn\u00e9es personnelles &#8211; partie 1<\/h3><span class='av-masonry-date meta-color updated'>septembre 28, 2021<\/span><span class=\"av-masonry-text-sep text-sep-author\">\/<\/span><span class='av-masonry-author meta-color author'><span class='fn'>by Jay Fedorak<\/span><\/span><\/div><\/div><\/figcaption><\/figure><\/a><!--end av-masonry entry--><a href=\"https:\/\/twoislandsinfoprivacy.com\/fr\/blog\/employee-surveillance-and-biometric-technologies\/\"  id='av-masonry-1-item-146' data-av-masonry-item='146' class='av-masonry-entry isotope-item post-146 post type-post status-publish format-standard has-post-thumbnail hentry category-news  av-masonry-item-with-image av-grid-img' title=\"La surveillance de l\u2019emploi et les technologies biom\u00e9triques\"   itemscope=\"itemscope\" itemtype=\"https:\/\/schema.org\/CreativeWork\" ><div class='av-inner-masonry-sizer'><\/div><figure class='av-inner-masonry main_color'><div class=\"av-masonry-outerimage-container\"><div class='av-masonry-image-container' style=\"background-image: url(https:\/\/twoislandsinfoprivacy.com\/fr\/wp-content\/uploads\/sites\/2\/2021\/09\/Blog-Post_0004_spy-micro-camera-BDMNLFS.jpg);\" ><\/div><\/div><figcaption class='av-inner-masonry-content site-background'><div class='av-inner-masonry-content-pos'><div class='av-inner-masonry-content-pos-content'><div class='avia-arrow'><\/div><h3 class='av-masonry-entry-title entry-title '  itemprop=\"headline\" >La surveillance de l\u2019emploi et les technologies biom\u00e9triques<\/h3><span class='av-masonry-date meta-color updated'>septembre 28, 2021<\/span><span class=\"av-masonry-text-sep text-sep-author\">\/<\/span><span class='av-masonry-author meta-color author'><span class='fn'>by Jay Fedorak<\/span><\/span><\/div><\/div><\/figcaption><\/figure><\/a><!--end av-masonry entry--><a href=\"https:\/\/twoislandsinfoprivacy.com\/fr\/blog\/are-businesses-legally-responsible-for-data-breaches-by-rogue-employees\/\"  id='av-masonry-1-item-134' data-av-masonry-item='134' class='av-masonry-entry isotope-item post-134 post type-post status-publish format-standard has-post-thumbnail hentry category-news  av-masonry-item-with-image av-grid-img' title=\"Les entreprises sont-elles responsables des violations des donn\u00e9es personnelles commises par leurs employ\u00e9s?\"   itemscope=\"itemscope\" itemtype=\"https:\/\/schema.org\/CreativeWork\" ><div class='av-inner-masonry-sizer'><\/div><figure class='av-inner-masonry main_color'><div class=\"av-masonry-outerimage-container\"><div class='av-masonry-image-container' style=\"background-image: url(https:\/\/twoislandsinfoprivacy.com\/fr\/wp-content\/uploads\/sites\/2\/2021\/09\/Blog-Post_0000_computer-hacker-in-dark-room-JVKXVBX.jpg);\" ><\/div><\/div><figcaption class='av-inner-masonry-content site-background'><div class='av-inner-masonry-content-pos'><div class='av-inner-masonry-content-pos-content'><div class='avia-arrow'><\/div><h3 class='av-masonry-entry-title entry-title '  itemprop=\"headline\" >Les entreprises sont-elles responsables des violations des donn\u00e9es personnelles commises par leurs employ\u00e9s?<\/h3><span class='av-masonry-date meta-color updated'>septembre 28, 2021<\/span><span class=\"av-masonry-text-sep text-sep-author\">\/<\/span><span class='av-masonry-author meta-color author'><span class='fn'>by Jay Fedorak<\/span><\/span><\/div><\/div><\/figcaption><\/figure><\/a><!--end av-masonry entry--><a href=\"https:\/\/twoislandsinfoprivacy.com\/fr\/blog\/cctv-under-scrutiny\/\"  id='av-masonry-1-item-132' data-av-masonry-item='132' class='av-masonry-entry isotope-item post-132 post type-post status-publish format-standard has-post-thumbnail hentry category-news  av-masonry-item-with-image av-grid-img' title=\"La mise en \u0153uvre de cam\u00e9ras de surveillance\"   itemscope=\"itemscope\" itemtype=\"https:\/\/schema.org\/CreativeWork\" ><div class='av-inner-masonry-sizer'><\/div><figure class='av-inner-masonry main_color'><div class=\"av-masonry-outerimage-container\"><div class='av-masonry-image-container' style=\"background-image: url(https:\/\/twoislandsinfoprivacy.com\/fr\/wp-content\/uploads\/sites\/2\/2021\/09\/Blog-Post_0005_cctv-security-camera-on-monitor-the-abstract-store-8JJ2M3K.jpg);\" ><\/div><\/div><figcaption class='av-inner-masonry-content site-background'><div class='av-inner-masonry-content-pos'><div class='av-inner-masonry-content-pos-content'><div class='avia-arrow'><\/div><h3 class='av-masonry-entry-title entry-title '  itemprop=\"headline\" >La mise en \u0153uvre de cam\u00e9ras de surveillance<\/h3><span class='av-masonry-date meta-color updated'>septembre 28, 2021<\/span><span class=\"av-masonry-text-sep text-sep-author\">\/<\/span><span class='av-masonry-author meta-color author'><span class='fn'>by Jay Fedorak<\/span><\/span><\/div><\/div><\/figcaption><\/figure><\/a><!--end av-masonry entry--><a href=\"https:\/\/twoislandsinfoprivacy.com\/fr\/blog\/successful-data-protection-programmes-and-privacy-data-protection-officers\/\"  id='av-masonry-1-item-1' data-av-masonry-item='1' class='av-masonry-entry isotope-item post-1 post type-post status-publish format-standard has-post-thumbnail hentry category-news  av-masonry-item-with-image av-grid-img' title=\"Programmes de protection des donn\u00e9es r\u00e9ussis et d\u00e9l\u00e9gu\u00e9s \u00e0 la protection de la vie priv\u00e9e\/des donn\u00e9es personnelles\"   itemscope=\"itemscope\" itemtype=\"https:\/\/schema.org\/CreativeWork\" ><div class='av-inner-masonry-sizer'><\/div><figure class='av-inner-masonry main_color'><div class=\"av-masonry-outerimage-container\"><div class='av-masonry-image-container' style=\"background-image: url(https:\/\/twoislandsinfoprivacy.com\/fr\/wp-content\/uploads\/sites\/2\/2021\/09\/secure.jpg);\" ><\/div><\/div><figcaption class='av-inner-masonry-content site-background'><div class='av-inner-masonry-content-pos'><div class='av-inner-masonry-content-pos-content'><div class='avia-arrow'><\/div><h3 class='av-masonry-entry-title entry-title '  itemprop=\"headline\" >Programmes de protection des donn\u00e9es r\u00e9ussis et d\u00e9l\u00e9gu\u00e9s \u00e0 la protection de la vie priv\u00e9e\/des donn\u00e9es personnelles<\/h3><span class='av-masonry-date meta-color updated'>septembre 14, 2021<\/span><span class=\"av-masonry-text-sep text-sep-author\">\/<\/span><span class='av-masonry-author meta-color author'><span class='fn'>by Jay Fedorak<\/span><\/span><\/div><\/div><\/figcaption><\/figure><\/a><!--end av-masonry entry--><\/div><\/div><\/div>\n","protected":false},"excerpt":{"rendered":"","protected":false},"author":1,"featured_media":0,"parent":0,"menu_order":0,"comment_status":"closed","ping_status":"closed","template":"","meta":{"footnotes":""},"class_list":["post-23","page","type-page","status-publish","hentry"],"yoast_head":"<!-- This site is optimized with the Yoast SEO plugin v27.2 - https:\/\/yoast.com\/product\/yoast-seo-wordpress\/ -->\n<title>Blogue &#8226; Deux \u00celes: Information &amp; Confidentialit\u00e9<\/title>\n<meta name=\"description\" content=\"Renseignez-vous sur la politique d&#039;information et la loi sur la protection de la vie priv\u00e9e avec les derni\u00e8res nouvelles et les articles informatifs.\" \/>\n<meta name=\"robots\" content=\"index, follow, max-snippet:-1, max-image-preview:large, max-video-preview:-1\" \/>\n<link rel=\"canonical\" href=\"https:\/\/twoislandsinfoprivacy.com\/fr\/blogue\/\" \/>\n<meta property=\"og:locale\" content=\"fr_CA\" \/>\n<meta property=\"og:type\" content=\"article\" \/>\n<meta property=\"og:title\" content=\"Blogue &#8226; Deux \u00celes: Information &amp; Confidentialit\u00e9\" \/>\n<meta property=\"og:description\" content=\"Renseignez-vous sur la politique d&#039;information et la loi sur la protection de la vie priv\u00e9e avec les derni\u00e8res nouvelles et les articles informatifs.\" \/>\n<meta property=\"og:url\" content=\"https:\/\/twoislandsinfoprivacy.com\/fr\/blogue\/\" \/>\n<meta property=\"og:site_name\" content=\"Deux \u00celes: Information &amp; Confidentialit\u00e9\" \/>\n<meta property=\"article:modified_time\" content=\"2022-06-01T17:11:42+00:00\" \/>\n<meta name=\"twitter:card\" content=\"summary_large_image\" \/>\n<meta name=\"twitter:label1\" content=\"Estimation du temps de lecture\" \/>\n\t<meta name=\"twitter:data1\" content=\"3 minutes\" \/>\n<script type=\"application\/ld+json\" class=\"yoast-schema-graph\">{\"@context\":\"https:\/\/schema.org\",\"@graph\":[{\"@type\":\"WebPage\",\"@id\":\"https:\/\/twoislandsinfoprivacy.com\/fr\/blogue\/\",\"url\":\"https:\/\/twoislandsinfoprivacy.com\/fr\/blogue\/\",\"name\":\"Blogue &#8226; Deux \u00celes: Information &amp; Confidentialit\u00e9\",\"isPartOf\":{\"@id\":\"https:\/\/twoislandsinfoprivacy.com\/fr\/#website\"},\"datePublished\":\"2021-09-28T18:30:43+00:00\",\"dateModified\":\"2022-06-01T17:11:42+00:00\",\"description\":\"Renseignez-vous sur la politique d'information et la loi sur la protection de la vie priv\u00e9e avec les derni\u00e8res nouvelles et les articles informatifs.\",\"breadcrumb\":{\"@id\":\"https:\/\/twoislandsinfoprivacy.com\/fr\/blogue\/#breadcrumb\"},\"inLanguage\":\"fr-CA\",\"potentialAction\":[{\"@type\":\"ReadAction\",\"target\":[\"https:\/\/twoislandsinfoprivacy.com\/fr\/blogue\/\"]}]},{\"@type\":\"BreadcrumbList\",\"@id\":\"https:\/\/twoislandsinfoprivacy.com\/fr\/blogue\/#breadcrumb\",\"itemListElement\":[{\"@type\":\"ListItem\",\"position\":1,\"name\":\"Home\",\"item\":\"https:\/\/twoislandsinfoprivacy.com\/fr\/\"},{\"@type\":\"ListItem\",\"position\":2,\"name\":\"Blogue\"}]},{\"@type\":\"WebSite\",\"@id\":\"https:\/\/twoislandsinfoprivacy.com\/fr\/#website\",\"url\":\"https:\/\/twoislandsinfoprivacy.com\/fr\/\",\"name\":\"Deux \u00celes: Information &amp; Confidentialit\u00e9\",\"description\":\"\",\"publisher\":{\"@id\":\"https:\/\/twoislandsinfoprivacy.com\/fr\/#organization\"},\"potentialAction\":[{\"@type\":\"SearchAction\",\"target\":{\"@type\":\"EntryPoint\",\"urlTemplate\":\"https:\/\/twoislandsinfoprivacy.com\/fr\/?s={search_term_string}\"},\"query-input\":{\"@type\":\"PropertyValueSpecification\",\"valueRequired\":true,\"valueName\":\"search_term_string\"}}],\"inLanguage\":\"fr-CA\"},{\"@type\":\"Organization\",\"@id\":\"https:\/\/twoislandsinfoprivacy.com\/fr\/#organization\",\"name\":\"Deux \u00celes: Information & Confidentialit\u00e9\",\"url\":\"https:\/\/twoislandsinfoprivacy.com\/fr\/\",\"logo\":{\"@type\":\"ImageObject\",\"inLanguage\":\"fr-CA\",\"@id\":\"https:\/\/twoislandsinfoprivacy.com\/fr\/#\/schema\/logo\/image\/\",\"url\":\"https:\/\/twoislandsinfoprivacy.com\/fr\/wp-content\/uploads\/sites\/2\/2021\/09\/Two-Islands-logo-rgb-full-colour.png\",\"contentUrl\":\"https:\/\/twoislandsinfoprivacy.com\/fr\/wp-content\/uploads\/sites\/2\/2021\/09\/Two-Islands-logo-rgb-full-colour.png\",\"width\":439,\"height\":73,\"caption\":\"Deux \u00celes: Information & Confidentialit\u00e9\"},\"image\":{\"@id\":\"https:\/\/twoislandsinfoprivacy.com\/fr\/#\/schema\/logo\/image\/\"}}]}<\/script>\n<!-- \/ Yoast SEO plugin. -->","yoast_head_json":{"title":"Blogue &#8226; Deux \u00celes: Information &amp; Confidentialit\u00e9","description":"Renseignez-vous sur la politique d'information et la loi sur la protection de la vie priv\u00e9e avec les derni\u00e8res nouvelles et les articles informatifs.","robots":{"index":"index","follow":"follow","max-snippet":"max-snippet:-1","max-image-preview":"max-image-preview:large","max-video-preview":"max-video-preview:-1"},"canonical":"https:\/\/twoislandsinfoprivacy.com\/fr\/blogue\/","og_locale":"fr_CA","og_type":"article","og_title":"Blogue &#8226; Deux \u00celes: Information &amp; Confidentialit\u00e9","og_description":"Renseignez-vous sur la politique d'information et la loi sur la protection de la vie priv\u00e9e avec les derni\u00e8res nouvelles et les articles informatifs.","og_url":"https:\/\/twoislandsinfoprivacy.com\/fr\/blogue\/","og_site_name":"Deux \u00celes: Information &amp; Confidentialit\u00e9","article_modified_time":"2022-06-01T17:11:42+00:00","twitter_card":"summary_large_image","twitter_misc":{"Estimation du temps de lecture":"3 minutes"},"schema":{"@context":"https:\/\/schema.org","@graph":[{"@type":"WebPage","@id":"https:\/\/twoislandsinfoprivacy.com\/fr\/blogue\/","url":"https:\/\/twoislandsinfoprivacy.com\/fr\/blogue\/","name":"Blogue &#8226; Deux \u00celes: Information &amp; Confidentialit\u00e9","isPartOf":{"@id":"https:\/\/twoislandsinfoprivacy.com\/fr\/#website"},"datePublished":"2021-09-28T18:30:43+00:00","dateModified":"2022-06-01T17:11:42+00:00","description":"Renseignez-vous sur la politique d'information et la loi sur la protection de la vie priv\u00e9e avec les derni\u00e8res nouvelles et les articles informatifs.","breadcrumb":{"@id":"https:\/\/twoislandsinfoprivacy.com\/fr\/blogue\/#breadcrumb"},"inLanguage":"fr-CA","potentialAction":[{"@type":"ReadAction","target":["https:\/\/twoislandsinfoprivacy.com\/fr\/blogue\/"]}]},{"@type":"BreadcrumbList","@id":"https:\/\/twoislandsinfoprivacy.com\/fr\/blogue\/#breadcrumb","itemListElement":[{"@type":"ListItem","position":1,"name":"Home","item":"https:\/\/twoislandsinfoprivacy.com\/fr\/"},{"@type":"ListItem","position":2,"name":"Blogue"}]},{"@type":"WebSite","@id":"https:\/\/twoislandsinfoprivacy.com\/fr\/#website","url":"https:\/\/twoislandsinfoprivacy.com\/fr\/","name":"Deux \u00celes: Information &amp; Confidentialit\u00e9","description":"","publisher":{"@id":"https:\/\/twoislandsinfoprivacy.com\/fr\/#organization"},"potentialAction":[{"@type":"SearchAction","target":{"@type":"EntryPoint","urlTemplate":"https:\/\/twoislandsinfoprivacy.com\/fr\/?s={search_term_string}"},"query-input":{"@type":"PropertyValueSpecification","valueRequired":true,"valueName":"search_term_string"}}],"inLanguage":"fr-CA"},{"@type":"Organization","@id":"https:\/\/twoislandsinfoprivacy.com\/fr\/#organization","name":"Deux \u00celes: Information & Confidentialit\u00e9","url":"https:\/\/twoislandsinfoprivacy.com\/fr\/","logo":{"@type":"ImageObject","inLanguage":"fr-CA","@id":"https:\/\/twoislandsinfoprivacy.com\/fr\/#\/schema\/logo\/image\/","url":"https:\/\/twoislandsinfoprivacy.com\/fr\/wp-content\/uploads\/sites\/2\/2021\/09\/Two-Islands-logo-rgb-full-colour.png","contentUrl":"https:\/\/twoislandsinfoprivacy.com\/fr\/wp-content\/uploads\/sites\/2\/2021\/09\/Two-Islands-logo-rgb-full-colour.png","width":439,"height":73,"caption":"Deux \u00celes: Information & Confidentialit\u00e9"},"image":{"@id":"https:\/\/twoislandsinfoprivacy.com\/fr\/#\/schema\/logo\/image\/"}}]}},"_links":{"self":[{"href":"https:\/\/twoislandsinfoprivacy.com\/fr\/wp-json\/wp\/v2\/pages\/23","targetHints":{"allow":["GET"]}}],"collection":[{"href":"https:\/\/twoislandsinfoprivacy.com\/fr\/wp-json\/wp\/v2\/pages"}],"about":[{"href":"https:\/\/twoislandsinfoprivacy.com\/fr\/wp-json\/wp\/v2\/types\/page"}],"author":[{"embeddable":true,"href":"https:\/\/twoislandsinfoprivacy.com\/fr\/wp-json\/wp\/v2\/users\/1"}],"replies":[{"embeddable":true,"href":"https:\/\/twoislandsinfoprivacy.com\/fr\/wp-json\/wp\/v2\/comments?post=23"}],"version-history":[{"count":11,"href":"https:\/\/twoislandsinfoprivacy.com\/fr\/wp-json\/wp\/v2\/pages\/23\/revisions"}],"predecessor-version":[{"id":862,"href":"https:\/\/twoislandsinfoprivacy.com\/fr\/wp-json\/wp\/v2\/pages\/23\/revisions\/862"}],"wp:attachment":[{"href":"https:\/\/twoislandsinfoprivacy.com\/fr\/wp-json\/wp\/v2\/media?parent=23"}],"curies":[{"name":"wp","href":"https:\/\/api.w.org\/{rel}","templated":true}]}}