{"id":17,"date":"2021-09-28T11:30:07","date_gmt":"2021-09-28T18:30:07","guid":{"rendered":"https:\/\/twoislandsinfoprivacy.com\/fr\/?page_id=17"},"modified":"2022-01-17T12:57:49","modified_gmt":"2022-01-17T20:57:49","slug":"services-dacces-a-linformation","status":"publish","type":"page","link":"https:\/\/twoislandsinfoprivacy.com\/fr\/services-dacces-a-linformation\/","title":{"rendered":"Services d&rsquo;acc\u00e8s \u00e0 l&rsquo;information"},"content":{"rendered":"<div id='av_section_1'  class='avia-section av-1cej1-a57d259002bccd1f2593253031510cbf main_color avia-section-default avia-no-border-styling  avia-builder-el-0  el_before_av_section  avia-builder-el-first  avia-bg-style-scroll container_wrap fullsize'  ><div class='container av-section-cont-open' ><main  role=\"main\" itemprop=\"mainContentOfPage\"  class='template-page content  av-content-full alpha units'><div class='post-entry post-entry-type-page post-entry-17'><div class='entry-content-wrapper clearfix'>\n<div  class='flex_column av-qqo1-fc79fd5d49b688a4f0ee997c6510eda2 av_one_half  avia-builder-el-1  el_before_av_one_half  avia-builder-el-first  first flex_column_div  '     ><section  class='av_textblock_section av-12pgd-8a8f15a21d4e32e8c7dcbbd7a7e3afdb '   itemscope=\"itemscope\" itemtype=\"https:\/\/schema.org\/CreativeWork\" ><div class='avia_textblock'  itemprop=\"text\" ><h2>Promouvoir la transparence et la responsabilit\u00e9, tout en prot\u00e9geant votre r\u00e9putation et vos int\u00e9r\u00eats vitaux.<\/h2>\n<p>Jay a une connaissance approfondie de la loi sur la libert\u00e9 d&rsquo;information et l&rsquo;acc\u00e8s \u00e0 l&rsquo;information en Colombie-Britannique, au Canada et dans le monde entier. Il sait \u00e9galement comment les autorit\u00e9s de contr\u00f4le abordent les enqu\u00eates, ce qu&rsquo;ils recherchent et comment ils \u00e9valuent les cas individuels.<\/p>\n<\/div><\/section><\/div><div  class='flex_column av-uxil-6c6ea4fd1797450aa1a0bbbd7e6c5073 av_one_half  avia-builder-el-3  el_after_av_one_half  avia-builder-el-last  flex_column_div  '     ><section  class='av_textblock_section av-ku4hos0t-6fe3f8a120b93b9240f744afe3d3b604 '   itemscope=\"itemscope\" itemtype=\"https:\/\/schema.org\/CreativeWork\" ><div class='avia_textblock'  itemprop=\"text\" ><p>Depuis 2004, il a travaill\u00e9 comme enqu\u00eateur, arbitre et commissaire adjoint pour le Commissariat \u00e0 l&rsquo;information de la Colombie-Britannique, o\u00f9 il \u00e9tait \u00e9galement charg\u00e9 de r\u00e9glementer la mise en \u0153uvre de la loi sur la protection des renseignements personnels (PIPA).<\/p>\n<p><a href=\"https:\/\/twoislandsinfoprivacy.com\/fr\/a-propos-de-jay-fedorak\/\">\u00c0 propos de Jay &gt;<\/a><\/p>\n<\/div><\/section><\/div>\n\n<\/div><\/div><\/main><!-- close content main element --><\/div><\/div><div id='av_section_2'  class='avia-section av-2dk3t-334dd4cc1de74ccab59b674448e41ae5 alternate_color avia-section-default avia-no-border-styling  avia-builder-el-5  el_after_av_section  el_before_av_section  avia-bg-style-scroll container_wrap fullsize'  ><div class='container av-section-cont-open' ><div class='template-page content  av-content-full alpha units'><div class='post-entry post-entry-type-page post-entry-17'><div class='entry-content-wrapper clearfix'>\n<div class='flex_column_table av-1nflh-4ade5c75c16e21bbef89ecaa5dde676a sc-av_one_half av-equal-height-column-flextable'><div  class='flex_column av-1nflh-4ade5c75c16e21bbef89ecaa5dde676a av_one_half  avia-builder-el-6  el_before_av_one_half  avia-builder-el-first  first flex_column_table_cell av-equal-height-column av-align-top  '     ><section  class='av_textblock_section av-1aoc5-6fa2af65d6f09ae09dd795e35ae3d5c3 '   itemscope=\"itemscope\" itemtype=\"https:\/\/schema.org\/CreativeWork\" ><div class='avia_textblock'  itemprop=\"text\" ><h2>Services pour les autorit\u00e9s publiques\u00a0et les entreprises<\/h2>\n<p>Jay sait comment les autorit\u00e9s publiques et les entreprises peuvent d\u00e9montrer efficacement aux r\u00e9gulateurs qu&rsquo;ils respectent la loi. Il sait \u00e9galement ce qu&rsquo;ils doivent faire pour rectifier toute contravention afin de garantir le meilleur r\u00e9sultat possible lors d&rsquo;une enqu\u00eate r\u00e9glementaire ou d&rsquo;une enqu\u00eate formelle.<\/p>\n<\/div><\/section><br \/>\n<div  class='avia-button-wrap av-10a9h-4db453ba74b2d31db2570f97607ea67d-wrap avia-button-left  avia-builder-el-8  el_after_av_textblock  avia-builder-el-last '><a href='https:\/\/twoislandsinfoprivacy.com\/fr\/contactez\/'  class='avia-button av-10a9h-4db453ba74b2d31db2570f97607ea67d av-link-btn avia-icon_select-no avia-size-small avia-position-left avia-color-theme-color'   aria-label=\"Commencez\"><span class='avia_iconbox_title' >Commencez<\/span><\/a><\/div><\/p><\/div><div class='av-flex-placeholder'><\/div>\n<style type=\"text\/css\" data-created_by=\"avia_inline_auto\" id=\"style-css-av-2r75l-d2da0c0a46cb7bdc0d9f8d36261feac4\">\n.flex_column.av-2r75l-d2da0c0a46cb7bdc0d9f8d36261feac4{\nbackground:url(https:\/\/twoislandsinfoprivacy.com\/fr\/wp-content\/uploads\/sites\/2\/2021\/10\/public-bodies-3.jpg) 0% 100% no-repeat scroll ;\n}\n<\/style>\n<div  class='flex_column av-2r75l-d2da0c0a46cb7bdc0d9f8d36261feac4 av_one_half  avia-builder-el-9  el_after_av_one_half  avia-builder-el-last  flex_column_table_cell av-equal-height-column av-align-top avia-full-stretch  '     ><\/div><\/div><!--close column table wrapper. Autoclose: 1 -->\n\n<\/div><\/div><\/div><!-- close content main div --><\/div><\/div><div id='av_section_3'  class='avia-section av-37inl-93bb60c803e63c135a5303d57881836c main_color avia-section-default avia-no-border-styling  avia-builder-el-10  el_after_av_section  el_before_av_section  home-services avia-bg-style-scroll container_wrap fullsize'  ><div class='container av-section-cont-open' ><div class='template-page content  av-content-full alpha units'><div class='post-entry post-entry-type-page post-entry-17'><div class='entry-content-wrapper clearfix'>\n<div  class='flex_column av-2pc99-5e0b11bdaa354850a9be9962508094dc av_one_full  avia-builder-el-11  el_before_av_one_half  avia-builder-el-first  first flex_column_div  '     ><section  class='av_textblock_section av-kv188pit-3cf24a7a2795eff7996c91420d06859f '   itemscope=\"itemscope\" itemtype=\"https:\/\/schema.org\/CreativeWork\" ><div class='avia_textblock'  itemprop=\"text\" ><h3 style=\"text-align: center;\">Prot\u00e9ger votre r\u00e9putation et atteindre vos objectifs op\u00e9rationnels<\/h3>\n<\/div><\/section><\/div>\n<style type=\"text\/css\" data-created_by=\"avia_inline_auto\" id=\"style-css-av-7fol-3b7e0aecfaf74acae3ae0a646955c581\">\n.flex_column.av-7fol-3b7e0aecfaf74acae3ae0a646955c581{\nbackground-color:#ececeb;\n}\n<\/style>\n<div  class='flex_column av-7fol-3b7e0aecfaf74acae3ae0a646955c581 av_one_half  avia-builder-el-13  el_after_av_one_full  el_before_av_one_half  first no_margin flex_column_div  column-top-margin'     ><section  class='av_textblock_section av-kv1893v4-e23d2e725bdd9ac1d2f880f2b69d49ff '   itemscope=\"itemscope\" itemtype=\"https:\/\/schema.org\/CreativeWork\" ><div class='avia_textblock'  itemprop=\"text\" ><p><span style=\"color: #ff0000;\"><strong>Prot\u00e9ger les informations sensibles et g\u00e9rer les relations<\/strong><\/span> avec les demandeurs difficiles dans le cadre des demandes de FOI et d&rsquo;acc\u00e8s \u00e0 l&rsquo;information.<\/p>\n<p><span style=\"color: #ff0000;\"><strong>Vous repr\u00e9senter dans le cadre d&rsquo;enqu\u00eates<\/strong><\/span> men\u00e9es par l&rsquo;autorit\u00e9 de contr\u00f4le afin de vous assurer la conclusion la plus favorable possible.<\/p>\n<\/div><\/section><\/div>\n<style type=\"text\/css\" data-created_by=\"avia_inline_auto\" id=\"style-css-av-1eu11-ddd6baeb44c9bd3940d2478e927cff1f\">\n.flex_column.av-1eu11-ddd6baeb44c9bd3940d2478e927cff1f{\nbackground-color:#ececeb;\n}\n<\/style>\n<div  class='flex_column av-1eu11-ddd6baeb44c9bd3940d2478e927cff1f av_one_half  avia-builder-el-15  el_after_av_one_half  avia-builder-el-last  no_margin flex_column_div  column-top-margin'     ><p><section  class='av_textblock_section av-kv189dzq-95d116f5aaf80ba3c4545aa33f185d03 '   itemscope=\"itemscope\" itemtype=\"https:\/\/schema.org\/CreativeWork\" ><div class='avia_textblock'  itemprop=\"text\" ><p><span style=\"color: #ff0000;\"><strong>R\u00e9diger des soumissions<\/strong><\/span> pour les enqu\u00eates formelles devant le commissaire \u00e0 l&rsquo;acc\u00e8s \u00e0 l&rsquo;information et \u00e0 la protection de la vie priv\u00e9e qui vous donnent les meilleures chances de succ\u00e8s.<\/p>\n<p><span style=\"color: #ff0000;\"><strong>Conseiller<\/strong><\/span> sur la strat\u00e9gie de communication en r\u00e9ponse \u00e0 des demandes tr\u00e8s m\u00e9diatis\u00e9es.<\/p>\n<\/div><\/section><br \/>\n<div  class='avia-button-wrap av-ylrp-b31ec3d88f6f4047b031a4bed388f8d9-wrap avia-button-left  avia-builder-el-17  el_after_av_textblock  avia-builder-el-last '><a href='https:\/\/twoislandsinfoprivacy.com\/fr\/contactez\/'  class='avia-button av-ylrp-b31ec3d88f6f4047b031a4bed388f8d9 av-link-btn avia-icon_select-no avia-size-small avia-position-left avia-color-theme-color'   aria-label=\"Commencez\"><span class='avia_iconbox_title' >Commencez<\/span><\/a><\/div><\/p><\/div>\n\n<\/div><\/div><\/div><!-- close content main div --><\/div><\/div><div id='av_section_4'  class='avia-section av-1xwr9-a069edfbd7180081ffd0ede2fc009577 main_color avia-section-default avia-no-border-styling  avia-builder-el-18  el_after_av_section  el_before_av_section  avia-bg-style-scroll container_wrap fullsize'  ><div class='container av-section-cont-open' ><div class='template-page content  av-content-full alpha units'><div class='post-entry post-entry-type-page post-entry-17'><div class='entry-content-wrapper clearfix'>\n<div class='flex_column_table av-ooo5-a72a78f351b39ac49c6d12ec6357417c sc-av_one_half av-equal-height-column-flextable'>\n<style type=\"text\/css\" data-created_by=\"avia_inline_auto\" id=\"style-css-av-ooo5-a72a78f351b39ac49c6d12ec6357417c\">\n.flex_column.av-ooo5-a72a78f351b39ac49c6d12ec6357417c{\nbackground:url(https:\/\/twoislandsinfoprivacy.com\/fr\/wp-content\/uploads\/sites\/2\/2021\/09\/Blog-Post_0006_steeling-password-and-private-data-remotely-screen-NW8SBAJ.jpg) 100% 50% no-repeat scroll ;\n}\n<\/style>\n<div  class='flex_column av-ooo5-a72a78f351b39ac49c6d12ec6357417c av_one_half  avia-builder-el-19  el_before_av_one_half  avia-builder-el-first  first flex_column_table_cell av-equal-height-column av-align-top avia-full-stretch  '     ><\/div><div class='av-flex-placeholder'><\/div><div  class='flex_column av-kurg9di8-ab6a706dc34556889e874822d5b8220a av_one_half  avia-builder-el-20  el_after_av_one_half  avia-builder-el-last  flex_column_table_cell av-equal-height-column av-align-top  '     ><section  class='av_textblock_section av-1aytx-5d29a1efdc8382cdb3eaa4f0f8cafac2 '   itemscope=\"itemscope\" itemtype=\"https:\/\/schema.org\/CreativeWork\" ><div class='avia_textblock'  itemprop=\"text\" ><h2>Services pour les individus<\/h2>\n<h3>Faire en sorte que les autorit\u00e9s publics rendent des comptes par le biais de demandes \u00e0 l&rsquo;acc\u00e8s d&rsquo;information efficaces.<\/h3>\n<p>Jay sait ce que les demandeurs doivent faire pour s&rsquo;assurer qu&rsquo;ils re\u00e7oivent le maximum d&rsquo;informations qu&rsquo;ils recherchent.<\/p>\n<\/div><\/section><br \/>\n<div  class='avia-button-wrap av-otgd-85f34851553b167835465d9e7c270a19-wrap avia-button-left  avia-builder-el-22  el_after_av_textblock  avia-builder-el-last '><a href='https:\/\/twoislandsinfoprivacy.com\/fr\/contactez\/'  class='avia-button av-otgd-85f34851553b167835465d9e7c270a19 av-link-btn avia-icon_select-no avia-size-small avia-position-left avia-color-theme-color'   aria-label=\"Commencez\"><span class='avia_iconbox_title' >Commencez<\/span><\/a><\/div><\/p><\/div><\/div><!--close column table wrapper. Autoclose: 1 -->\n\n<\/div><\/div><\/div><!-- close content main div --><\/div><\/div><div id='av_section_5'  class='avia-section av-41qxd-3a0393d2c7de9ccc2a6cda679e0f2662 main_color avia-section-default avia-no-border-styling  avia-builder-el-23  el_after_av_section  avia-builder-el-last  home-services avia-bg-style-scroll container_wrap fullsize'  ><div class='container av-section-cont-open' ><div class='template-page content  av-content-full alpha units'><div class='post-entry post-entry-type-page post-entry-17'><div class='entry-content-wrapper clearfix'>\n<div  class='flex_column av-37j9t-4238f404af10dfdfca9fed17ebb9c77c av_one_full  avia-builder-el-24  el_before_av_one_half  avia-builder-el-first  first flex_column_div  '     ><section  class='av_textblock_section av-kv18abxz-a8016a636a21ebd9fab95aad23d3dd03 '   itemscope=\"itemscope\" itemtype=\"https:\/\/schema.org\/CreativeWork\" ><div class='avia_textblock'  itemprop=\"text\" ><h3 style=\"text-align: center;\">Veiller \u00e0 ce que vous obteniez les informations dont vous avez besoin le plus rapidement possible.<\/h3>\n<\/div><\/section><\/div>\n<style type=\"text\/css\" data-created_by=\"avia_inline_auto\" id=\"style-css-av-2yasd-1f2c9a5aceb5b2d1d3ba6f57f2939aee\">\n.flex_column.av-2yasd-1f2c9a5aceb5b2d1d3ba6f57f2939aee{\nbackground-color:#ececeb;\n}\n<\/style>\n<div  class='flex_column av-2yasd-1f2c9a5aceb5b2d1d3ba6f57f2939aee av_one_half  avia-builder-el-26  el_after_av_one_full  el_before_av_one_half  first no_margin flex_column_div  column-top-margin'     ><section  class='av_textblock_section av-kv18a7am-898134d7d1ea32bd0214dc1189344fb5 '   itemscope=\"itemscope\" itemtype=\"https:\/\/schema.org\/CreativeWork\" ><div class='avia_textblock'  itemprop=\"text\" ><p>Des conseils sur qui demander et comment demander pour obtenir les informations dont vous avez besoin.<\/p>\n<p>Vous repr\u00e9senter dans le cadre d&rsquo;enqu\u00eates men\u00e9es par l&rsquo;autorit\u00e9 de contr\u00f4le afin d&rsquo;obtenir le r\u00e9sultat le plus favorable pour vous.<\/p>\n<\/div><\/section><\/div>\n<style type=\"text\/css\" data-created_by=\"avia_inline_auto\" id=\"style-css-av-1bc0x-9588e712941ca4742238fea62de61e78\">\n.flex_column.av-1bc0x-9588e712941ca4742238fea62de61e78{\nbackground-color:#ececeb;\n}\n<\/style>\n<div  class='flex_column av-1bc0x-9588e712941ca4742238fea62de61e78 av_one_half  avia-builder-el-28  el_after_av_one_half  avia-builder-el-last  no_margin flex_column_div  column-top-margin'     ><p><section  class='av_textblock_section av-kv18ayxe-124dbd02b705eaf6678c17366bc5fedf '   itemscope=\"itemscope\" itemtype=\"https:\/\/schema.org\/CreativeWork\" ><div class='avia_textblock'  itemprop=\"text\" ><p>R\u00e9diger des soumissions pour les enqu\u00eates formelles devant le Commissariat \u00e0 l&rsquo;acc\u00e8s \u00e0 l&rsquo;information et \u00e0 la protection de la vie priv\u00e9e qui vous donnent les meilleures chances de succ\u00e8s.<\/p>\n<\/div><\/section><br \/>\n<div  class='avia-button-wrap av-nx1p-f002aa0d1e783bb57296f3cebc12aee3-wrap avia-button-left  avia-builder-el-30  el_after_av_textblock  avia-builder-el-last '><a href='https:\/\/twoislandsinfoprivacy.com\/fr\/contactez\/'  class='avia-button av-nx1p-f002aa0d1e783bb57296f3cebc12aee3 av-link-btn avia-icon_select-no avia-size-small avia-position-left avia-color-theme-color'   aria-label=\"Commencez\"><span class='avia_iconbox_title' >Commencez<\/span><\/a><\/div><\/p><\/div>\n","protected":false},"excerpt":{"rendered":"","protected":false},"author":1,"featured_media":0,"parent":0,"menu_order":0,"comment_status":"closed","ping_status":"closed","template":"","meta":{"footnotes":""},"class_list":["post-17","page","type-page","status-publish","hentry"],"yoast_head":"<!-- This site is optimized with the Yoast SEO plugin v27.3 - https:\/\/yoast.com\/product\/yoast-seo-wordpress\/ -->\n<title>Services d&#039;acc\u00e8s \u00e0 l&#039;information &#8226; Deux \u00celes: Information &amp; Confidentialit\u00e9<\/title>\n<meta name=\"description\" content=\"Prot\u00e9gez les informations sensibles ou exigez des comptes avec les services de FOI et d&#039;acc\u00e8s \u00e0 l&#039;information pour les entreprises et les individus.\" \/>\n<meta name=\"robots\" content=\"index, follow, max-snippet:-1, max-image-preview:large, max-video-preview:-1\" \/>\n<link rel=\"canonical\" href=\"https:\/\/twoislandsinfoprivacy.com\/fr\/services-dacces-a-linformation\/\" \/>\n<meta property=\"og:locale\" content=\"fr_CA\" \/>\n<meta property=\"og:type\" content=\"article\" \/>\n<meta property=\"og:title\" content=\"Services d&#039;acc\u00e8s \u00e0 l&#039;information &#8226; Deux \u00celes: Information &amp; Confidentialit\u00e9\" \/>\n<meta property=\"og:description\" content=\"Prot\u00e9gez les informations sensibles ou exigez des comptes avec les services de FOI et d&#039;acc\u00e8s \u00e0 l&#039;information pour les entreprises et les individus.\" \/>\n<meta property=\"og:url\" content=\"https:\/\/twoislandsinfoprivacy.com\/fr\/services-dacces-a-linformation\/\" \/>\n<meta property=\"og:site_name\" content=\"Deux \u00celes: Information &amp; Confidentialit\u00e9\" \/>\n<meta property=\"article:modified_time\" content=\"2022-01-17T20:57:49+00:00\" \/>\n<meta name=\"twitter:card\" content=\"summary_large_image\" \/>\n<meta name=\"twitter:label1\" content=\"Estimation du temps de lecture\" \/>\n\t<meta name=\"twitter:data1\" content=\"26 minutes\" \/>\n<script type=\"application\/ld+json\" class=\"yoast-schema-graph\">{\"@context\":\"https:\\\/\\\/schema.org\",\"@graph\":[{\"@type\":\"WebPage\",\"@id\":\"https:\\\/\\\/twoislandsinfoprivacy.com\\\/fr\\\/services-dacces-a-linformation\\\/\",\"url\":\"https:\\\/\\\/twoislandsinfoprivacy.com\\\/fr\\\/services-dacces-a-linformation\\\/\",\"name\":\"Services d'acc\u00e8s \u00e0 l'information &#8226; Deux \u00celes: Information &amp; Confidentialit\u00e9\",\"isPartOf\":{\"@id\":\"https:\\\/\\\/twoislandsinfoprivacy.com\\\/fr\\\/#website\"},\"datePublished\":\"2021-09-28T18:30:07+00:00\",\"dateModified\":\"2022-01-17T20:57:49+00:00\",\"description\":\"Prot\u00e9gez les informations sensibles ou exigez des comptes avec les services de FOI et d'acc\u00e8s \u00e0 l'information pour les entreprises et les individus.\",\"breadcrumb\":{\"@id\":\"https:\\\/\\\/twoislandsinfoprivacy.com\\\/fr\\\/services-dacces-a-linformation\\\/#breadcrumb\"},\"inLanguage\":\"fr-CA\",\"potentialAction\":[{\"@type\":\"ReadAction\",\"target\":[\"https:\\\/\\\/twoislandsinfoprivacy.com\\\/fr\\\/services-dacces-a-linformation\\\/\"]}]},{\"@type\":\"BreadcrumbList\",\"@id\":\"https:\\\/\\\/twoislandsinfoprivacy.com\\\/fr\\\/services-dacces-a-linformation\\\/#breadcrumb\",\"itemListElement\":[{\"@type\":\"ListItem\",\"position\":1,\"name\":\"Home\",\"item\":\"https:\\\/\\\/twoislandsinfoprivacy.com\\\/fr\\\/\"},{\"@type\":\"ListItem\",\"position\":2,\"name\":\"Services d&rsquo;acc\u00e8s \u00e0 l&rsquo;information\"}]},{\"@type\":\"WebSite\",\"@id\":\"https:\\\/\\\/twoislandsinfoprivacy.com\\\/fr\\\/#website\",\"url\":\"https:\\\/\\\/twoislandsinfoprivacy.com\\\/fr\\\/\",\"name\":\"Deux \u00celes: Information &amp; Confidentialit\u00e9\",\"description\":\"\",\"publisher\":{\"@id\":\"https:\\\/\\\/twoislandsinfoprivacy.com\\\/fr\\\/#organization\"},\"potentialAction\":[{\"@type\":\"SearchAction\",\"target\":{\"@type\":\"EntryPoint\",\"urlTemplate\":\"https:\\\/\\\/twoislandsinfoprivacy.com\\\/fr\\\/?s={search_term_string}\"},\"query-input\":{\"@type\":\"PropertyValueSpecification\",\"valueRequired\":true,\"valueName\":\"search_term_string\"}}],\"inLanguage\":\"fr-CA\"},{\"@type\":\"Organization\",\"@id\":\"https:\\\/\\\/twoislandsinfoprivacy.com\\\/fr\\\/#organization\",\"name\":\"Deux \u00celes: Information & Confidentialit\u00e9\",\"url\":\"https:\\\/\\\/twoislandsinfoprivacy.com\\\/fr\\\/\",\"logo\":{\"@type\":\"ImageObject\",\"inLanguage\":\"fr-CA\",\"@id\":\"https:\\\/\\\/twoislandsinfoprivacy.com\\\/fr\\\/#\\\/schema\\\/logo\\\/image\\\/\",\"url\":\"https:\\\/\\\/twoislandsinfoprivacy.com\\\/fr\\\/wp-content\\\/uploads\\\/sites\\\/2\\\/2021\\\/09\\\/Two-Islands-logo-rgb-full-colour.png\",\"contentUrl\":\"https:\\\/\\\/twoislandsinfoprivacy.com\\\/fr\\\/wp-content\\\/uploads\\\/sites\\\/2\\\/2021\\\/09\\\/Two-Islands-logo-rgb-full-colour.png\",\"width\":439,\"height\":73,\"caption\":\"Deux \u00celes: Information & Confidentialit\u00e9\"},\"image\":{\"@id\":\"https:\\\/\\\/twoislandsinfoprivacy.com\\\/fr\\\/#\\\/schema\\\/logo\\\/image\\\/\"}}]}<\/script>\n<!-- \/ Yoast SEO plugin. -->","yoast_head_json":{"title":"Services d'acc\u00e8s \u00e0 l'information &#8226; Deux \u00celes: Information &amp; Confidentialit\u00e9","description":"Prot\u00e9gez les informations sensibles ou exigez des comptes avec les services de FOI et d'acc\u00e8s \u00e0 l'information pour les entreprises et les individus.","robots":{"index":"index","follow":"follow","max-snippet":"max-snippet:-1","max-image-preview":"max-image-preview:large","max-video-preview":"max-video-preview:-1"},"canonical":"https:\/\/twoislandsinfoprivacy.com\/fr\/services-dacces-a-linformation\/","og_locale":"fr_CA","og_type":"article","og_title":"Services d'acc\u00e8s \u00e0 l'information &#8226; Deux \u00celes: Information &amp; Confidentialit\u00e9","og_description":"Prot\u00e9gez les informations sensibles ou exigez des comptes avec les services de FOI et d'acc\u00e8s \u00e0 l'information pour les entreprises et les individus.","og_url":"https:\/\/twoislandsinfoprivacy.com\/fr\/services-dacces-a-linformation\/","og_site_name":"Deux \u00celes: Information &amp; Confidentialit\u00e9","article_modified_time":"2022-01-17T20:57:49+00:00","twitter_card":"summary_large_image","twitter_misc":{"Estimation du temps de lecture":"26 minutes"},"schema":{"@context":"https:\/\/schema.org","@graph":[{"@type":"WebPage","@id":"https:\/\/twoislandsinfoprivacy.com\/fr\/services-dacces-a-linformation\/","url":"https:\/\/twoislandsinfoprivacy.com\/fr\/services-dacces-a-linformation\/","name":"Services d'acc\u00e8s \u00e0 l'information &#8226; Deux \u00celes: Information &amp; Confidentialit\u00e9","isPartOf":{"@id":"https:\/\/twoislandsinfoprivacy.com\/fr\/#website"},"datePublished":"2021-09-28T18:30:07+00:00","dateModified":"2022-01-17T20:57:49+00:00","description":"Prot\u00e9gez les informations sensibles ou exigez des comptes avec les services de FOI et d'acc\u00e8s \u00e0 l'information pour les entreprises et les individus.","breadcrumb":{"@id":"https:\/\/twoislandsinfoprivacy.com\/fr\/services-dacces-a-linformation\/#breadcrumb"},"inLanguage":"fr-CA","potentialAction":[{"@type":"ReadAction","target":["https:\/\/twoislandsinfoprivacy.com\/fr\/services-dacces-a-linformation\/"]}]},{"@type":"BreadcrumbList","@id":"https:\/\/twoislandsinfoprivacy.com\/fr\/services-dacces-a-linformation\/#breadcrumb","itemListElement":[{"@type":"ListItem","position":1,"name":"Home","item":"https:\/\/twoislandsinfoprivacy.com\/fr\/"},{"@type":"ListItem","position":2,"name":"Services d&rsquo;acc\u00e8s \u00e0 l&rsquo;information"}]},{"@type":"WebSite","@id":"https:\/\/twoislandsinfoprivacy.com\/fr\/#website","url":"https:\/\/twoislandsinfoprivacy.com\/fr\/","name":"Deux \u00celes: Information &amp; Confidentialit\u00e9","description":"","publisher":{"@id":"https:\/\/twoislandsinfoprivacy.com\/fr\/#organization"},"potentialAction":[{"@type":"SearchAction","target":{"@type":"EntryPoint","urlTemplate":"https:\/\/twoislandsinfoprivacy.com\/fr\/?s={search_term_string}"},"query-input":{"@type":"PropertyValueSpecification","valueRequired":true,"valueName":"search_term_string"}}],"inLanguage":"fr-CA"},{"@type":"Organization","@id":"https:\/\/twoislandsinfoprivacy.com\/fr\/#organization","name":"Deux \u00celes: Information & Confidentialit\u00e9","url":"https:\/\/twoislandsinfoprivacy.com\/fr\/","logo":{"@type":"ImageObject","inLanguage":"fr-CA","@id":"https:\/\/twoislandsinfoprivacy.com\/fr\/#\/schema\/logo\/image\/","url":"https:\/\/twoislandsinfoprivacy.com\/fr\/wp-content\/uploads\/sites\/2\/2021\/09\/Two-Islands-logo-rgb-full-colour.png","contentUrl":"https:\/\/twoislandsinfoprivacy.com\/fr\/wp-content\/uploads\/sites\/2\/2021\/09\/Two-Islands-logo-rgb-full-colour.png","width":439,"height":73,"caption":"Deux \u00celes: Information & Confidentialit\u00e9"},"image":{"@id":"https:\/\/twoislandsinfoprivacy.com\/fr\/#\/schema\/logo\/image\/"}}]}},"_links":{"self":[{"href":"https:\/\/twoislandsinfoprivacy.com\/fr\/wp-json\/wp\/v2\/pages\/17","targetHints":{"allow":["GET"]}}],"collection":[{"href":"https:\/\/twoislandsinfoprivacy.com\/fr\/wp-json\/wp\/v2\/pages"}],"about":[{"href":"https:\/\/twoislandsinfoprivacy.com\/fr\/wp-json\/wp\/v2\/types\/page"}],"author":[{"embeddable":true,"href":"https:\/\/twoislandsinfoprivacy.com\/fr\/wp-json\/wp\/v2\/users\/1"}],"replies":[{"embeddable":true,"href":"https:\/\/twoislandsinfoprivacy.com\/fr\/wp-json\/wp\/v2\/comments?post=17"}],"version-history":[{"count":51,"href":"https:\/\/twoislandsinfoprivacy.com\/fr\/wp-json\/wp\/v2\/pages\/17\/revisions"}],"predecessor-version":[{"id":838,"href":"https:\/\/twoislandsinfoprivacy.com\/fr\/wp-json\/wp\/v2\/pages\/17\/revisions\/838"}],"wp:attachment":[{"href":"https:\/\/twoislandsinfoprivacy.com\/fr\/wp-json\/wp\/v2\/media?parent=17"}],"curies":[{"name":"wp","href":"https:\/\/api.w.org\/{rel}","templated":true}]}}