{"id":15,"date":"2021-09-28T11:29:15","date_gmt":"2021-09-28T18:29:15","guid":{"rendered":"https:\/\/twoislandsinfoprivacy.com\/fr\/?page_id=15"},"modified":"2022-06-01T10:01:49","modified_gmt":"2022-06-01T17:01:49","slug":"services-de-la-protection-des-donnees-personnelles-vie-privee","status":"publish","type":"page","link":"https:\/\/twoislandsinfoprivacy.com\/fr\/services-de-la-protection-des-donnees-personnelles-vie-privee\/","title":{"rendered":"Services de la protection des donn\u00e9es personnelles | vie priv\u00e9e"},"content":{"rendered":"<div id='av_section_1'  class='avia-section av-2n15j-d56ae5357eff85c65b2b0093b8668ede main_color avia-section-default avia-no-border-styling  avia-builder-el-0  el_before_av_section  avia-builder-el-first  avia-bg-style-scroll container_wrap fullsize'  ><div class='container av-section-cont-open' ><main  role=\"main\" itemprop=\"mainContentOfPage\"  class='template-page content  av-content-full alpha units'><div class='post-entry post-entry-type-page post-entry-15'><div class='entry-content-wrapper clearfix'>\n<div  class='flex_column av-1yitn-f8ff1caca8050f9e1c3ef73823f5deb2 av_one_half  avia-builder-el-1  el_before_av_one_half  avia-builder-el-first  first flex_column_div  '     ><section  class='av_textblock_section av-14t83-83db14858105b2eb4f5c241093efa86d '   itemscope=\"itemscope\" itemtype=\"https:\/\/schema.org\/CreativeWork\" ><div class='avia_textblock'  itemprop=\"text\" ><h2>Les donn\u00e9es personnelles sont un bien pr\u00e9cieux. Les criminels veulent les voler. Veillez \u00e0 ce qu&rsquo;elles restent en s\u00e9curit\u00e9.<\/h2>\n<p>Jay a une connaissance approfondie du droit de la protection de la vie priv\u00e9e en Colombie-Britannique, au Canada et dans le monde entier. Il sait \u00e9galement comment les autorit\u00e9s de contr\u00f4le abordent les enqu\u00eates, ce qu&rsquo;ils recherchent et comment ils \u00e9valuent les cas individuels.<\/p>\n<\/div><\/section><\/div><div  class='flex_column av-15hzr-47faf68c49ed3f0535c37a7452df1359 av_one_half  avia-builder-el-3  el_after_av_one_half  avia-builder-el-last  flex_column_div  '     ><section  class='av_textblock_section av-ku4hmtqg-ef77cb96d2be6092687a6b12d8555dce '   itemscope=\"itemscope\" itemtype=\"https:\/\/schema.org\/CreativeWork\" ><div class='avia_textblock'  itemprop=\"text\" ><p>Depuis 2004, il a travaill\u00e9 comme enqu\u00eateur, arbitre et commissaire adjoint pour le Commissariat \u00e0 l&rsquo;acc\u00e8s \u00e0 l&rsquo;information de la Colombie-Britannique, o\u00f9 il \u00e9tait \u00e9galement charg\u00e9 de r\u00e9glementer la mise en \u0153uvre de la loi sur la protection des renseignements personnels (PIPA).<\/p>\n<p><a href=\"https:\/\/twoislandsinfoprivacy.com\/fr\/a-propos-de-jay-fedorak\/\">\u00c0 propos de Jay &gt;<\/a><\/p>\n<\/div><\/section><\/div>\n\n<\/div><\/div><\/main><!-- close content main element --><\/div><\/div><div id='av_section_2'  class='avia-section av-26ken-a1f58507619ff17b9778ea1af632d339 alternate_color avia-section-default avia-no-border-styling  avia-builder-el-5  el_after_av_section  el_before_av_section  avia-bg-style-scroll container_wrap fullsize'  ><div class='container av-section-cont-open' ><div class='template-page content  av-content-full alpha units'><div class='post-entry post-entry-type-page post-entry-15'><div class='entry-content-wrapper clearfix'>\n<div class='flex_column_table av-1m4oj-23a0a238264e67015df4fb406ab216d4 sc-av_one_half av-equal-height-column-flextable'><div  class='flex_column av-1m4oj-23a0a238264e67015df4fb406ab216d4 av_one_half  avia-builder-el-6  el_before_av_one_half  avia-builder-el-first  first flex_column_table_cell av-equal-height-column av-align-top  '     ><section  class='av_textblock_section av-1gq5r-1b0a2a15328d35d7c6aebb63230828b9 '   itemscope=\"itemscope\" itemtype=\"https:\/\/schema.org\/CreativeWork\" ><div class='avia_textblock'  itemprop=\"text\" ><h2>Services de protection de la vie priv\u00e9e pour les autori\u00e9s publiques<\/h2>\n<p>Jay sait comment les autorit\u00e9s publics et les entrprises peuvent d\u00e9montrer efficacement aux autorit\u00e9s de contr\u00f4le de la vie priv\u00e9e qu&rsquo;ils respectent la loi. Il sait \u00e9galement ce qu&rsquo;ils doivent faire pour rectifier toute contravention afin de garantir le meilleur r\u00e9sultat possible lors d&rsquo;une enqu\u00eate r\u00e9glementaire.<\/p>\n<\/div><\/section><br \/>\n<div  class='avia-button-wrap av-135i3-b8db33cc673438d06d0c5233a87f4131-wrap avia-button-left  avia-builder-el-8  el_after_av_textblock  avia-builder-el-last '><a href='https:\/\/twoislandsinfoprivacy.com\/fr\/contactez\/'  class='avia-button av-135i3-b8db33cc673438d06d0c5233a87f4131 av-link-btn avia-icon_select-no avia-size-small avia-position-left avia-color-theme-color'   aria-label=\"Commencez\"><span class='avia_iconbox_title' >Commencez<\/span><\/a><\/div><\/p><\/div><div class='av-flex-placeholder'><\/div>\n<style type=\"text\/css\" data-created_by=\"avia_inline_auto\" id=\"style-css-av-xnl3-aab19b2ce66e54e117bdce1f412f45a2\">\n.flex_column.av-xnl3-aab19b2ce66e54e117bdce1f412f45a2{\nbackground:url(https:\/\/twoislandsinfoprivacy.com\/fr\/wp-content\/uploads\/sites\/2\/2021\/09\/young-employees-sitting-office-table-using-laptop-team-work-brainstorming-meeting-concept.jpg) 0% 0% no-repeat scroll ;\n}\n<\/style>\n<div  class='flex_column av-xnl3-aab19b2ce66e54e117bdce1f412f45a2 av_one_half  avia-builder-el-9  el_after_av_one_half  avia-builder-el-last  flex_column_table_cell av-equal-height-column av-align-top avia-full-stretch  '     ><\/div><\/div><!--close column table wrapper. Autoclose: 1 --><\/div><\/div><\/div><!-- close content main div --><\/div><\/div><div id='av_section_3'  class='avia-section av-3icur-894f317a789bf67b6297912afe8a417b main_color avia-section-default avia-no-border-styling  avia-builder-el-10  el_after_av_section  el_before_av_section  home-services avia-bg-style-scroll container_wrap fullsize'  ><div class='container av-section-cont-open' ><div class='template-page content  av-content-full alpha units'><div class='post-entry post-entry-type-page post-entry-15'><div class='entry-content-wrapper clearfix'>\n<div  class='flex_column av-2xgm7-f59370e6252a0e2e90708b5beabdf135 av_one_full  avia-builder-el-11  el_before_av_one_third  avia-builder-el-first  first flex_column_div  '     ><section  class='av_textblock_section av-kv17x367-0616045f6a6fe443fec3659eb870c291 '   itemscope=\"itemscope\" itemtype=\"https:\/\/schema.org\/CreativeWork\" ><div class='avia_textblock'  itemprop=\"text\" ><h3 style=\"text-align: center;\">La protection des donn\u00e9es personnelles fait partie int\u00e9grante de la gestion des risques de base.<br \/>\nVoici comment nous pouvons vous aider :<\/h3>\n<\/div><\/section><\/div>\n<style type=\"text\/css\" data-created_by=\"avia_inline_auto\" id=\"style-css-av-1zt4b-0542f4f9418af2b4e6c6b106e2d79505\">\n.flex_column.av-1zt4b-0542f4f9418af2b4e6c6b106e2d79505{\nbackground-color:#ececeb;\n}\n<\/style>\n<div  class='flex_column av-1zt4b-0542f4f9418af2b4e6c6b106e2d79505 av_one_third  avia-builder-el-13  el_after_av_one_full  el_before_av_one_third  first no_margin flex_column_div  column-top-margin'     ><section  class='av_textblock_section av-kv17u7jm-05780e3847c9cd3c56862718cec46029 '   itemscope=\"itemscope\" itemtype=\"https:\/\/schema.org\/CreativeWork\" ><div class='avia_textblock'  itemprop=\"text\" ><p><strong>R\u00e9pondre aux plaintes relatives \u00e0 la protection de la vie priv\u00e9e<\/strong> avec un taux de satisfaction \u00e9lev\u00e9.<\/p>\n<p><strong>Vous repr\u00e9senter dans les enqu\u00eates<\/strong> men\u00e9es par l&rsquo;autorit\u00e9 de contr\u00f4le de la protection de la vie priv\u00e9e afin d&rsquo;obtenir le r\u00e9sultat le plus favorable pour vous.<\/p>\n<\/div><\/section><\/div>\n<style type=\"text\/css\" data-created_by=\"avia_inline_auto\" id=\"style-css-av-1ptmn-f54c5ea26daa85b27c7445bb2418bc94\">\n.flex_column.av-1ptmn-f54c5ea26daa85b27c7445bb2418bc94{\nbackground-color:#ececeb;\n}\n<\/style>\n<div  class='flex_column av-1ptmn-f54c5ea26daa85b27c7445bb2418bc94 av_one_third  avia-builder-el-15  el_after_av_one_third  el_before_av_one_third  no_margin flex_column_div  column-top-margin'     ><section  class='av_textblock_section av-kv17um8e-fa67193e3fa919f795386ef0c45fe44e '   itemscope=\"itemscope\" itemtype=\"https:\/\/schema.org\/CreativeWork\" ><div class='avia_textblock'  itemprop=\"text\" ><p><strong>R\u00e9diger des soumissions pour les enqu\u00eates formelles<\/strong> devant le Commissaire \u00e0 l&rsquo;acc\u00e8s \u00e0 l&rsquo;information et \u00e0 la protection de la vie priv\u00e9e qui vous donnent les meilleures chances de r\u00e9ussir.<\/p>\n<p><strong>G\u00e9rer les violations des donn\u00e9es et de la vie priv\u00e9e<\/strong> de mani\u00e8re efficace et appropri\u00e9e, en limitant au maximum les atteintes \u00e0 la r\u00e9putation.<\/p>\n<\/div><\/section><\/div>\n<style type=\"text\/css\" data-created_by=\"avia_inline_auto\" id=\"style-css-av-zutv-7fcf81f019d734956b59e2fbd0d622e9\">\n.flex_column.av-zutv-7fcf81f019d734956b59e2fbd0d622e9{\nbackground-color:#ececeb;\n}\n<\/style>\n<div  class='flex_column av-zutv-7fcf81f019d734956b59e2fbd0d622e9 av_one_third  avia-builder-el-17  el_after_av_one_third  avia-builder-el-last  no_margin flex_column_div  column-top-margin'     ><p><section  class='av_textblock_section av-kv17upod-d1b5ba7628cc37fa231ec421dd55507e '   itemscope=\"itemscope\" itemtype=\"https:\/\/schema.org\/CreativeWork\" ><div class='avia_textblock'  itemprop=\"text\" ><p><strong>\u00c9laborez un programme efficace de gestion de la confidentialit\u00e9<\/strong> pour promouvoir la conformit\u00e9 et minimiser les risques de violation.<\/p>\n<p><strong>Conseiller sur les strat\u00e9gies de communication<\/strong> en r\u00e9ponse aux violations et aux enqu\u00eates.<\/p>\n<\/div><\/section><br \/>\n<div  class='avia-button-wrap av-kv1817bk-147ca2ac7cb94b965d1002d8cb28a6b1-wrap avia-button-left  avia-builder-el-19  el_after_av_textblock  avia-builder-el-last '><a href='https:\/\/twoislandsinfoprivacy.com\/fr\/contactez\/'  class='avia-button av-kv1817bk-147ca2ac7cb94b965d1002d8cb28a6b1 av-link-btn avia-icon_select-no avia-size-small avia-position-left avia-color-theme-color'   aria-label=\"Commencez\"><span class='avia_iconbox_title' >Commencez<\/span><\/a><\/div><\/p><\/div>\n<\/p>\n<\/div><\/div><\/div><!-- close content main div --><\/div><\/div><div id='av_section_4'  class='avia-section av-b0m7-f7f84f1652196de5d64e016d3e416f29 main_color avia-section-default avia-no-border-styling  avia-builder-el-20  el_after_av_section  el_before_av_section  avia-bg-style-scroll container_wrap fullsize'  ><div class='container av-section-cont-open' ><div class='template-page content  av-content-full alpha units'><div class='post-entry post-entry-type-page post-entry-15'><div class='entry-content-wrapper clearfix'>\n<div class='flex_column_table av-kurfbtas-7fcd6d1b2ec0b5c5bb55004d6649a62e sc-av_one_half av-equal-height-column-flextable'>\n<style type=\"text\/css\" data-created_by=\"avia_inline_auto\" id=\"style-css-av-kurfbtas-7fcd6d1b2ec0b5c5bb55004d6649a62e\">\n.flex_column.av-kurfbtas-7fcd6d1b2ec0b5c5bb55004d6649a62e{\nbackground:url(https:\/\/twoislandsinfoprivacy.com\/fr\/wp-content\/uploads\/sites\/2\/2021\/10\/keyboard-hands.jpg) 100% 50% no-repeat scroll ;\n}\n<\/style>\n<div  class='flex_column av-kurfbtas-7fcd6d1b2ec0b5c5bb55004d6649a62e av_one_half  avia-builder-el-21  el_before_av_one_half  avia-builder-el-first  first flex_column_table_cell av-equal-height-column av-align-top avia-full-stretch  '     ><\/div><div class='av-flex-placeholder'><\/div><div  class='flex_column av-2vxwr-de29c1c9b462299366c0c8df903a208c av_one_half  avia-builder-el-22  el_after_av_one_half  avia-builder-el-last  flex_column_table_cell av-equal-height-column av-align-top  '     ><section  class='av_textblock_section av-2b88b-5d5eb00db9a151375aa7d3c55c97e1a2 '   itemscope=\"itemscope\" itemtype=\"https:\/\/schema.org\/CreativeWork\" ><div class='avia_textblock'  itemprop=\"text\" ><h2>Services de protection de la vie priv\u00e9e pour les individus<\/h2>\n<h3>S&rsquo;assurer que les entreprises et les autorit\u00e9s publics conservent vos donn\u00e9es personnelles en toute s\u00e9curit\u00e9<\/h3>\n<p>Jay sait comment formuler une plainte relative \u00e0 la protection de la vie priv\u00e9e qui aidera l&rsquo;autorit\u00e9 de contr\u00f4le \u00e0 mener une enqu\u00eate appropri\u00e9e et \u00e0 obtenir le meilleur r\u00e9sultat.<\/p>\n<\/div><\/section><br \/>\n<div  class='avia-button-wrap av-1ixhb-026a0e4c224e9a60d0434399ece9589f-wrap avia-button-left  avia-builder-el-24  el_after_av_textblock  avia-builder-el-last '><a href='https:\/\/twoislandsinfoprivacy.com\/fr\/contactez\/'  class='avia-button av-1ixhb-026a0e4c224e9a60d0434399ece9589f av-link-btn avia-icon_select-no avia-size-small avia-position-left avia-color-theme-color'   aria-label=\"Commencez\"><span class='avia_iconbox_title' >Commencez<\/span><\/a><\/div><\/p><\/div><\/div><!--close column table wrapper. Autoclose: 1 -->\n\n<\/div><\/div><\/div><!-- close content main div --><\/div><\/div><div id='av_section_5'  class='avia-section av-4213z-7d56ccb2dd6653de6688976fb0398616 main_color avia-section-default avia-no-border-styling  avia-builder-el-25  el_after_av_section  avia-builder-el-last  home-services avia-bg-style-scroll container_wrap fullsize'  ><div class='container av-section-cont-open' ><div class='template-page content  av-content-full alpha units'><div class='post-entry post-entry-type-page post-entry-15'><div class='entry-content-wrapper clearfix'>\n<div  class='flex_column av-3g7b3-2d9b8aa724e7c0919b7cdc1f7e0bfd1a av_one_full  avia-builder-el-26  el_before_av_one_half  avia-builder-el-first  first flex_column_div  '     ><section  class='av_textblock_section av-2yg9j-b053ebaba58b705264911b3bc1686987 '   itemscope=\"itemscope\" itemtype=\"https:\/\/schema.org\/CreativeWork\" ><div class='avia_textblock'  itemprop=\"text\" ><h3 style=\"text-align: center;\">Veiller \u00e0 ce que vous puissiez prot\u00e9ger pleinement votre vie priv\u00e9e<\/h3>\n<h3 style=\"text-align: center;\">et obtenir une r\u00e9paration appropri\u00e9e en cas d&rsquo;atteinte \u00e0 votre vie priv\u00e9e :<\/h3>\n<\/div><\/section><\/div>\n<style type=\"text\/css\" data-created_by=\"avia_inline_auto\" id=\"style-css-av-1x6zf-aaefe755b8e062a5e6df31d84739adb1\">\n.flex_column.av-1x6zf-aaefe755b8e062a5e6df31d84739adb1{\nbackground-color:#ececeb;\n}\n<\/style>\n<div  class='flex_column av-1x6zf-aaefe755b8e062a5e6df31d84739adb1 av_one_half  avia-builder-el-28  el_after_av_one_full  el_before_av_one_half  first flex_column_div  column-top-margin'     ><section  class='av_textblock_section av-kv17zzod-9513a9d079fd15ab09d616ec4ea70a2d '   itemscope=\"itemscope\" itemtype=\"https:\/\/schema.org\/CreativeWork\" ><div class='avia_textblock'  itemprop=\"text\" ><p><strong>Vous conseiller ou vous repr\u00e9senter dans le cadre de plaintes formelles concernant:<\/strong><\/p>\n<ul>\n<li>Violation de votre vie priv\u00e9e<\/li>\n<li>Acc\u00e8s \u00e0 vos renseignements personnelles<\/li>\n<li>Correction ou suppression de vos rensiegnements personnelles<\/li>\n<\/ul>\n<\/div><\/section><\/div>\n<style type=\"text\/css\" data-created_by=\"avia_inline_auto\" id=\"style-css-av-1k65n-d622504de7cff9d646cafa5a56caf28f\">\n.flex_column.av-1k65n-d622504de7cff9d646cafa5a56caf28f{\nbackground-color:#ececeb;\n}\n<\/style>\n<div  class='flex_column av-1k65n-d622504de7cff9d646cafa5a56caf28f av_one_half  avia-builder-el-30  el_after_av_one_half  avia-builder-el-last  flex_column_div  column-top-margin'     ><p><section  class='av_textblock_section av-kv1806ud-82a090c41cf2b131e5cdc1ab0e89503b '   itemscope=\"itemscope\" itemtype=\"https:\/\/schema.org\/CreativeWork\" ><div class='avia_textblock'  itemprop=\"text\" ><p><strong>R\u00e9diger des soumissions pour les enqu\u00eates<\/strong> devant le Commissaire \u00e0 l&rsquo;information et \u00e0 la protection de la vie priv\u00e9e qui vous donnent les meilleures chances de succ\u00e8s.<\/p>\n<p>Vous conseiller sur la mani\u00e8re de prot\u00e9ger vos donn\u00e9es personnelles.<\/p>\n<\/div><\/section><br \/>\n<div  class='avia-button-wrap av-tay7-bf601fbf8cb5261c8d177fcb0ebf5e91-wrap avia-button-left  avia-builder-el-32  el_after_av_textblock  avia-builder-el-last '><a href='https:\/\/twoislandsinfoprivacy.com\/fr\/contactez\/'  class='avia-button av-tay7-bf601fbf8cb5261c8d177fcb0ebf5e91 av-link-btn avia-icon_select-no avia-size-small avia-position-left avia-color-theme-color'   aria-label=\"Commencez\"><span class='avia_iconbox_title' >Commencez<\/span><\/a><\/div><\/p><\/div>\n\n","protected":false},"excerpt":{"rendered":"","protected":false},"author":1,"featured_media":0,"parent":0,"menu_order":0,"comment_status":"closed","ping_status":"closed","template":"","meta":{"footnotes":""},"class_list":["post-15","page","type-page","status-publish","hentry"],"yoast_head":"<!-- This site is optimized with the Yoast SEO plugin v27.3 - https:\/\/yoast.com\/product\/yoast-seo-wordpress\/ -->\n<title>Services de la protection des donn\u00e9es personnelles | vie priv\u00e9e &#8226; Deux \u00celes: Information &amp; Confidentialit\u00e9<\/title>\n<meta name=\"description\" content=\"Les donn\u00e9es personnelles sont un bien pr\u00e9cieux. Gardez-les en s\u00e9curit\u00e9 gr\u00e2ce \u00e0 des services de confidentialit\u00e9 et de protection des donn\u00e9es.\" \/>\n<meta name=\"robots\" content=\"index, follow, max-snippet:-1, max-image-preview:large, max-video-preview:-1\" \/>\n<link rel=\"canonical\" href=\"https:\/\/twoislandsinfoprivacy.com\/fr\/services-de-la-protection-des-donnees-personnelles-vie-privee\/\" \/>\n<meta property=\"og:locale\" content=\"fr_CA\" \/>\n<meta property=\"og:type\" content=\"article\" \/>\n<meta property=\"og:title\" content=\"Services de la protection des donn\u00e9es personnelles | vie priv\u00e9e &#8226; Deux \u00celes: Information &amp; Confidentialit\u00e9\" \/>\n<meta property=\"og:description\" content=\"Les donn\u00e9es personnelles sont un bien pr\u00e9cieux. Gardez-les en s\u00e9curit\u00e9 gr\u00e2ce \u00e0 des services de confidentialit\u00e9 et de protection des donn\u00e9es.\" \/>\n<meta property=\"og:url\" content=\"https:\/\/twoislandsinfoprivacy.com\/fr\/services-de-la-protection-des-donnees-personnelles-vie-privee\/\" \/>\n<meta property=\"og:site_name\" content=\"Deux \u00celes: Information &amp; Confidentialit\u00e9\" \/>\n<meta property=\"article:modified_time\" content=\"2022-06-01T17:01:49+00:00\" \/>\n<meta name=\"twitter:card\" content=\"summary_large_image\" \/>\n<meta name=\"twitter:label1\" content=\"Estimation du temps de lecture\" \/>\n\t<meta name=\"twitter:data1\" content=\"28 minutes\" \/>\n<script type=\"application\/ld+json\" class=\"yoast-schema-graph\">{\"@context\":\"https:\\\/\\\/schema.org\",\"@graph\":[{\"@type\":\"WebPage\",\"@id\":\"https:\\\/\\\/twoislandsinfoprivacy.com\\\/fr\\\/services-de-la-protection-des-donnees-personnelles-vie-privee\\\/\",\"url\":\"https:\\\/\\\/twoislandsinfoprivacy.com\\\/fr\\\/services-de-la-protection-des-donnees-personnelles-vie-privee\\\/\",\"name\":\"Services de la protection des donn\u00e9es personnelles | vie priv\u00e9e &#8226; Deux \u00celes: Information &amp; Confidentialit\u00e9\",\"isPartOf\":{\"@id\":\"https:\\\/\\\/twoislandsinfoprivacy.com\\\/fr\\\/#website\"},\"datePublished\":\"2021-09-28T18:29:15+00:00\",\"dateModified\":\"2022-06-01T17:01:49+00:00\",\"description\":\"Les donn\u00e9es personnelles sont un bien pr\u00e9cieux. Gardez-les en s\u00e9curit\u00e9 gr\u00e2ce \u00e0 des services de confidentialit\u00e9 et de protection des donn\u00e9es.\",\"breadcrumb\":{\"@id\":\"https:\\\/\\\/twoislandsinfoprivacy.com\\\/fr\\\/services-de-la-protection-des-donnees-personnelles-vie-privee\\\/#breadcrumb\"},\"inLanguage\":\"fr-CA\",\"potentialAction\":[{\"@type\":\"ReadAction\",\"target\":[\"https:\\\/\\\/twoislandsinfoprivacy.com\\\/fr\\\/services-de-la-protection-des-donnees-personnelles-vie-privee\\\/\"]}]},{\"@type\":\"BreadcrumbList\",\"@id\":\"https:\\\/\\\/twoislandsinfoprivacy.com\\\/fr\\\/services-de-la-protection-des-donnees-personnelles-vie-privee\\\/#breadcrumb\",\"itemListElement\":[{\"@type\":\"ListItem\",\"position\":1,\"name\":\"Home\",\"item\":\"https:\\\/\\\/twoislandsinfoprivacy.com\\\/fr\\\/\"},{\"@type\":\"ListItem\",\"position\":2,\"name\":\"Services de la protection des donn\u00e9es personnelles | vie priv\u00e9e\"}]},{\"@type\":\"WebSite\",\"@id\":\"https:\\\/\\\/twoislandsinfoprivacy.com\\\/fr\\\/#website\",\"url\":\"https:\\\/\\\/twoislandsinfoprivacy.com\\\/fr\\\/\",\"name\":\"Deux \u00celes: Information &amp; Confidentialit\u00e9\",\"description\":\"\",\"publisher\":{\"@id\":\"https:\\\/\\\/twoislandsinfoprivacy.com\\\/fr\\\/#organization\"},\"potentialAction\":[{\"@type\":\"SearchAction\",\"target\":{\"@type\":\"EntryPoint\",\"urlTemplate\":\"https:\\\/\\\/twoislandsinfoprivacy.com\\\/fr\\\/?s={search_term_string}\"},\"query-input\":{\"@type\":\"PropertyValueSpecification\",\"valueRequired\":true,\"valueName\":\"search_term_string\"}}],\"inLanguage\":\"fr-CA\"},{\"@type\":\"Organization\",\"@id\":\"https:\\\/\\\/twoislandsinfoprivacy.com\\\/fr\\\/#organization\",\"name\":\"Deux \u00celes: Information & Confidentialit\u00e9\",\"url\":\"https:\\\/\\\/twoislandsinfoprivacy.com\\\/fr\\\/\",\"logo\":{\"@type\":\"ImageObject\",\"inLanguage\":\"fr-CA\",\"@id\":\"https:\\\/\\\/twoislandsinfoprivacy.com\\\/fr\\\/#\\\/schema\\\/logo\\\/image\\\/\",\"url\":\"https:\\\/\\\/twoislandsinfoprivacy.com\\\/fr\\\/wp-content\\\/uploads\\\/sites\\\/2\\\/2021\\\/09\\\/Two-Islands-logo-rgb-full-colour.png\",\"contentUrl\":\"https:\\\/\\\/twoislandsinfoprivacy.com\\\/fr\\\/wp-content\\\/uploads\\\/sites\\\/2\\\/2021\\\/09\\\/Two-Islands-logo-rgb-full-colour.png\",\"width\":439,\"height\":73,\"caption\":\"Deux \u00celes: Information & Confidentialit\u00e9\"},\"image\":{\"@id\":\"https:\\\/\\\/twoislandsinfoprivacy.com\\\/fr\\\/#\\\/schema\\\/logo\\\/image\\\/\"}}]}<\/script>\n<!-- \/ Yoast SEO plugin. -->","yoast_head_json":{"title":"Services de la protection des donn\u00e9es personnelles | vie priv\u00e9e &#8226; Deux \u00celes: Information &amp; Confidentialit\u00e9","description":"Les donn\u00e9es personnelles sont un bien pr\u00e9cieux. Gardez-les en s\u00e9curit\u00e9 gr\u00e2ce \u00e0 des services de confidentialit\u00e9 et de protection des donn\u00e9es.","robots":{"index":"index","follow":"follow","max-snippet":"max-snippet:-1","max-image-preview":"max-image-preview:large","max-video-preview":"max-video-preview:-1"},"canonical":"https:\/\/twoislandsinfoprivacy.com\/fr\/services-de-la-protection-des-donnees-personnelles-vie-privee\/","og_locale":"fr_CA","og_type":"article","og_title":"Services de la protection des donn\u00e9es personnelles | vie priv\u00e9e &#8226; Deux \u00celes: Information &amp; Confidentialit\u00e9","og_description":"Les donn\u00e9es personnelles sont un bien pr\u00e9cieux. Gardez-les en s\u00e9curit\u00e9 gr\u00e2ce \u00e0 des services de confidentialit\u00e9 et de protection des donn\u00e9es.","og_url":"https:\/\/twoislandsinfoprivacy.com\/fr\/services-de-la-protection-des-donnees-personnelles-vie-privee\/","og_site_name":"Deux \u00celes: Information &amp; Confidentialit\u00e9","article_modified_time":"2022-06-01T17:01:49+00:00","twitter_card":"summary_large_image","twitter_misc":{"Estimation du temps de lecture":"28 minutes"},"schema":{"@context":"https:\/\/schema.org","@graph":[{"@type":"WebPage","@id":"https:\/\/twoislandsinfoprivacy.com\/fr\/services-de-la-protection-des-donnees-personnelles-vie-privee\/","url":"https:\/\/twoislandsinfoprivacy.com\/fr\/services-de-la-protection-des-donnees-personnelles-vie-privee\/","name":"Services de la protection des donn\u00e9es personnelles | vie priv\u00e9e &#8226; Deux \u00celes: Information &amp; Confidentialit\u00e9","isPartOf":{"@id":"https:\/\/twoislandsinfoprivacy.com\/fr\/#website"},"datePublished":"2021-09-28T18:29:15+00:00","dateModified":"2022-06-01T17:01:49+00:00","description":"Les donn\u00e9es personnelles sont un bien pr\u00e9cieux. Gardez-les en s\u00e9curit\u00e9 gr\u00e2ce \u00e0 des services de confidentialit\u00e9 et de protection des donn\u00e9es.","breadcrumb":{"@id":"https:\/\/twoislandsinfoprivacy.com\/fr\/services-de-la-protection-des-donnees-personnelles-vie-privee\/#breadcrumb"},"inLanguage":"fr-CA","potentialAction":[{"@type":"ReadAction","target":["https:\/\/twoislandsinfoprivacy.com\/fr\/services-de-la-protection-des-donnees-personnelles-vie-privee\/"]}]},{"@type":"BreadcrumbList","@id":"https:\/\/twoislandsinfoprivacy.com\/fr\/services-de-la-protection-des-donnees-personnelles-vie-privee\/#breadcrumb","itemListElement":[{"@type":"ListItem","position":1,"name":"Home","item":"https:\/\/twoislandsinfoprivacy.com\/fr\/"},{"@type":"ListItem","position":2,"name":"Services de la protection des donn\u00e9es personnelles | vie priv\u00e9e"}]},{"@type":"WebSite","@id":"https:\/\/twoislandsinfoprivacy.com\/fr\/#website","url":"https:\/\/twoislandsinfoprivacy.com\/fr\/","name":"Deux \u00celes: Information &amp; Confidentialit\u00e9","description":"","publisher":{"@id":"https:\/\/twoislandsinfoprivacy.com\/fr\/#organization"},"potentialAction":[{"@type":"SearchAction","target":{"@type":"EntryPoint","urlTemplate":"https:\/\/twoislandsinfoprivacy.com\/fr\/?s={search_term_string}"},"query-input":{"@type":"PropertyValueSpecification","valueRequired":true,"valueName":"search_term_string"}}],"inLanguage":"fr-CA"},{"@type":"Organization","@id":"https:\/\/twoislandsinfoprivacy.com\/fr\/#organization","name":"Deux \u00celes: Information & Confidentialit\u00e9","url":"https:\/\/twoislandsinfoprivacy.com\/fr\/","logo":{"@type":"ImageObject","inLanguage":"fr-CA","@id":"https:\/\/twoislandsinfoprivacy.com\/fr\/#\/schema\/logo\/image\/","url":"https:\/\/twoislandsinfoprivacy.com\/fr\/wp-content\/uploads\/sites\/2\/2021\/09\/Two-Islands-logo-rgb-full-colour.png","contentUrl":"https:\/\/twoislandsinfoprivacy.com\/fr\/wp-content\/uploads\/sites\/2\/2021\/09\/Two-Islands-logo-rgb-full-colour.png","width":439,"height":73,"caption":"Deux \u00celes: Information & Confidentialit\u00e9"},"image":{"@id":"https:\/\/twoislandsinfoprivacy.com\/fr\/#\/schema\/logo\/image\/"}}]}},"_links":{"self":[{"href":"https:\/\/twoislandsinfoprivacy.com\/fr\/wp-json\/wp\/v2\/pages\/15","targetHints":{"allow":["GET"]}}],"collection":[{"href":"https:\/\/twoislandsinfoprivacy.com\/fr\/wp-json\/wp\/v2\/pages"}],"about":[{"href":"https:\/\/twoislandsinfoprivacy.com\/fr\/wp-json\/wp\/v2\/types\/page"}],"author":[{"embeddable":true,"href":"https:\/\/twoislandsinfoprivacy.com\/fr\/wp-json\/wp\/v2\/users\/1"}],"replies":[{"embeddable":true,"href":"https:\/\/twoislandsinfoprivacy.com\/fr\/wp-json\/wp\/v2\/comments?post=15"}],"version-history":[{"count":75,"href":"https:\/\/twoislandsinfoprivacy.com\/fr\/wp-json\/wp\/v2\/pages\/15\/revisions"}],"predecessor-version":[{"id":865,"href":"https:\/\/twoislandsinfoprivacy.com\/fr\/wp-json\/wp\/v2\/pages\/15\/revisions\/865"}],"wp:attachment":[{"href":"https:\/\/twoislandsinfoprivacy.com\/fr\/wp-json\/wp\/v2\/media?parent=15"}],"curies":[{"name":"wp","href":"https:\/\/api.w.org\/{rel}","templated":true}]}}